{"id":24717,"date":"2022-06-06T15:35:53","date_gmt":"2022-06-06T18:35:53","guid":{"rendered":"http:\/\/lp2m-on.com.br\/?page_id=24717"},"modified":"2025-07-10T18:49:49","modified_gmt":"2025-07-10T21:49:49","slug":"pessoal","status":"publish","type":"page","link":"https:\/\/lp2m-on.com.br\/es\/pessoal\/","title":{"rendered":""},"content":{"rendered":"<h2>Pessoal<\/h2>\n<h2>Corpo Permanente<\/h2>\n<p>\t\t\t\t\t\t\t\t\t\t\t\t<img width=\"300\" height=\"260\" src=\"http:\/\/lp2m-on.com.br\/wp-content\/uploads\/2022\/11\/9d0d9b9c-62a8-4b24-88de-d030c9afa108-300x260.jpeg\" alt=\"\" decoding=\"async\" loading=\"lazy\" srcset=\"http:\/\/lp2m-on.com.br\/wp-content\/uploads\/2022\/11\/9d0d9b9c-62a8-4b24-88de-d030c9afa108-300x260.jpeg 300w, http:\/\/lp2m-on.com.br\/wp-content\/uploads\/2022\/11\/9d0d9b9c-62a8-4b24-88de-d030c9afa108.jpeg 400w\" sizes=\"(max-width: 300px) 100vw, 300px\" \/>\t\t\t\t\t\t\t\t\t\t\t\t\t\t<\/p>\n<p><strong>Dr. Daniel Ribeiro Franco | Coordenador do LPC2M<\/strong><\/p>\n<p>E-mail: drfranco@on.br <br \/>Linhas de Pesquisa: Cicloestratigrafia, Paleomagnetismo, Mineralogia Magn\u00e9tica<\/p>\n<p>CV Lattes: http:\/\/lattes.cnpq.br\/9874436698730620<\/p>\n<p>\t\t\t\t\t\t\t\t\t\t\t\t<img width=\"290\" height=\"300\" src=\"http:\/\/lp2m-on.com.br\/wp-content\/uploads\/2022\/11\/7077144c-417d-4959-a891-0d3c7835ce2b-290x300.jpeg\" alt=\"\" decoding=\"async\" loading=\"lazy\" srcset=\"http:\/\/lp2m-on.com.br\/wp-content\/uploads\/2022\/11\/7077144c-417d-4959-a891-0d3c7835ce2b-290x300.jpeg 290w, http:\/\/lp2m-on.com.br\/wp-content\/uploads\/2022\/11\/7077144c-417d-4959-a891-0d3c7835ce2b.jpeg 387w\" sizes=\"(max-width: 290px) 100vw, 290px\" \/>\t\t\t\t\t\t\t\t\t\t\t\t\t\t<\/p>\n<p><strong>Dr. Andr\u00e9 Wiermann\u00a0 |\u00a0 Vice-Coordenador<\/strong><\/p>\n<p>E-mail: andrew@on.br<br \/>Linhas de Pesquisa: Geomagnetismo, Instrumenta\u00e7\u00e3o Geof\u00edsica<\/p>\n<p>CV Lattes: http:\/\/lattes.cnpq.br\/8712078841865403<\/p>\n<p>\t\t\t\t\t\t\t\t\t\t\t\t<img width=\"300\" height=\"300\" src=\"http:\/\/lp2m-on.com.br\/wp-content\/uploads\/2025\/04\/Imagem-do-WhatsApp-de-2025-04-09-as-18.06.24_1d6af0eb-300x300.jpg\" alt=\"\" decoding=\"async\" loading=\"lazy\" srcset=\"http:\/\/lp2m-on.com.br\/wp-content\/uploads\/2025\/04\/Imagem-do-WhatsApp-de-2025-04-09-as-18.06.24_1d6af0eb-300x300.jpg 300w, http:\/\/lp2m-on.com.br\/wp-content\/uploads\/2025\/04\/Imagem-do-WhatsApp-de-2025-04-09-as-18.06.24_1d6af0eb-1024x1024.jpg 1024w, http:\/\/lp2m-on.com.br\/wp-content\/uploads\/2025\/04\/Imagem-do-WhatsApp-de-2025-04-09-as-18.06.24_1d6af0eb-150x150.jpg 150w, http:\/\/lp2m-on.com.br\/wp-content\/uploads\/2025\/04\/Imagem-do-WhatsApp-de-2025-04-09-as-18.06.24_1d6af0eb-768x768.jpg 768w, http:\/\/lp2m-on.com.br\/wp-content\/uploads\/2025\/04\/Imagem-do-WhatsApp-de-2025-04-09-as-18.06.24_1d6af0eb.jpg 1280w\" sizes=\"(max-width: 300px) 100vw, 300px\" \/>\t\t\t\t\t\t\t\t\t\t\t\t\t\t<\/p>\n<p><strong>Dr. Pl\u00ednio Francisco Jaqueto | Pesquisador Adjunto<\/strong><\/p>\n<p>E-mail: pliniojaqueto@on.br<br \/>Linhas de Pesquisa: Paleomagnetismo, Geomagnetismo, Mineralogia, Paleoclimatologia<\/p>\n<p>CV Lattes: http:\/\/lattes.cnpq.br\/9224724933147700<\/p>\n<p>\t\t\t\t\t\t\t\t\t\t\t\t<img width=\"300\" height=\"300\" src=\"http:\/\/lp2m-on.com.br\/wp-content\/uploads\/2024\/10\/2de54d33-d964-419f-94e3-cdf14c432155-300x300.jpeg\" alt=\"\" decoding=\"async\" loading=\"lazy\" srcset=\"http:\/\/lp2m-on.com.br\/wp-content\/uploads\/2024\/10\/2de54d33-d964-419f-94e3-cdf14c432155-300x300.jpeg 300w, http:\/\/lp2m-on.com.br\/wp-content\/uploads\/2024\/10\/2de54d33-d964-419f-94e3-cdf14c432155-150x150.jpeg 150w, http:\/\/lp2m-on.com.br\/wp-content\/uploads\/2024\/10\/2de54d33-d964-419f-94e3-cdf14c432155.jpeg 400w\" sizes=\"(max-width: 300px) 100vw, 300px\" \/>\t\t\t\t\t\t\t\t\t\t\t\t\t\t<\/p>\n<p><strong>Dr. Jos\u00e9 Alejandro Moreno Alfonzo<\/strong><\/p>\n<p>E-mail: josealfonzo@on.br<br \/>Linhas de Pesquisa: Instrumenta\u00e7\u00e3o e Modelagem Geof\u00edsica<\/p>\n<p>CV Lattes: http:\/\/lattes.cnpq.br\/1807841121608735<\/p>\n<h2>Post-docs &amp; Pesquisadores Visitantes<br \/><\/h2>\n<p>\t\t\t\t\t\t\t\t\t\t\t\t<img width=\"268\" height=\"300\" src=\"http:\/\/lp2m-on.com.br\/wp-content\/uploads\/2022\/11\/6717a3fa-c3e7-4e11-92f3-68cc79f3f650-268x300.jpeg\" alt=\"\" decoding=\"async\" loading=\"lazy\" srcset=\"http:\/\/lp2m-on.com.br\/wp-content\/uploads\/2022\/11\/6717a3fa-c3e7-4e11-92f3-68cc79f3f650-268x300.jpeg 268w, http:\/\/lp2m-on.com.br\/wp-content\/uploads\/2022\/11\/6717a3fa-c3e7-4e11-92f3-68cc79f3f650.jpeg 357w\" sizes=\"(max-width: 268px) 100vw, 268px\" \/>\t\t\t\t\t\t\t\t\t\t\t\t\t\t<\/p>\n<p><strong>Dra. Nat\u00e1lia Braun dos Santos<\/strong><\/p>\n<p>E-mail: nataliabraun@on.br<br \/>Supervisor: Dr. Daniel R. Franco<br \/>Linhas de Pesquisa: Cicloestratigrafia, Oceanografia, Estratigrafia de Sequ\u00eancias<\/p>\n<p>CV Lattes: http:\/\/lattes.cnpq.br\/6298394365185508<\/p>\n<p>\t\t\t\t\t\t\t\t\t\t\t\t<img width=\"248\" height=\"300\" src=\"http:\/\/lp2m-on.com.br\/wp-content\/uploads\/2022\/11\/c874282b-a4ef-48b0-b053-80053fa75614-248x300.jpeg\" alt=\"\" decoding=\"async\" loading=\"lazy\" srcset=\"http:\/\/lp2m-on.com.br\/wp-content\/uploads\/2022\/11\/c874282b-a4ef-48b0-b053-80053fa75614-248x300.jpeg 248w, http:\/\/lp2m-on.com.br\/wp-content\/uploads\/2022\/11\/c874282b-a4ef-48b0-b053-80053fa75614.jpeg 331w\" sizes=\"(max-width: 248px) 100vw, 248px\" \/>\t\t\t\t\t\t\t\t\t\t\t\t\t\t<\/p>\n<p><strong>Dra. Mariane Candido<\/strong><\/p>\n<p>E-mail: marianecandido@on.br<br \/>Supervisor: Dr. Daniel R. Franco<br \/>Linhas de Pesquisa: Cicloestratigrafia, Estratigrafia de Sequ\u00eancias, Sedimentologia, Reconstru\u00e7\u00e3o Paleoambiental<\/p>\n<p>CV Lattes: http:\/\/lattes.cnpq.br\/2738724101143311<\/p>\n<p>\t\t\t\t\t\t\t\t\t\t\t\t<img width=\"806\" height=\"1024\" src=\"http:\/\/lp2m-on.com.br\/wp-content\/uploads\/2024\/10\/Imagem-do-WhatsApp-de-2024-10-31-as-16.37.05_7879a9b3-806x1024.jpg\" alt=\"\" decoding=\"async\" loading=\"lazy\" srcset=\"http:\/\/lp2m-on.com.br\/wp-content\/uploads\/2024\/10\/Imagem-do-WhatsApp-de-2024-10-31-as-16.37.05_7879a9b3-806x1024.jpg 806w, http:\/\/lp2m-on.com.br\/wp-content\/uploads\/2024\/10\/Imagem-do-WhatsApp-de-2024-10-31-as-16.37.05_7879a9b3-236x300.jpg 236w, http:\/\/lp2m-on.com.br\/wp-content\/uploads\/2024\/10\/Imagem-do-WhatsApp-de-2024-10-31-as-16.37.05_7879a9b3-768x975.jpg 768w, http:\/\/lp2m-on.com.br\/wp-content\/uploads\/2024\/10\/Imagem-do-WhatsApp-de-2024-10-31-as-16.37.05_7879a9b3.jpg 1134w\" sizes=\"(max-width: 806px) 100vw, 806px\" \/>\t\t\t\t\t\t\t\t\t\t\t\t\t\t<\/p>\n<p><strong>Dra. Gabriella Fazio<\/strong><\/p>\n<p>E-mail: gabriellafazio@on.br<br \/>Supervisor: Dr. Daniel R. Franco<br \/>Linhas de Pesquisa: Cicloestratigrafia, Sedimentologia, Estratigrafia.<\/p>\n<p>CV Lattes: http:\/\/lattes.cnpq.br\/0927056015240502<\/p>\n<p>\t\t\t\t\t\t\t\t\t\t\t\t<img width=\"336\" height=\"400\" src=\"http:\/\/lp2m-on.com.br\/wp-content\/uploads\/2024\/10\/1e3876ec-af93-40b9-96da-710b48eb8d06.jpeg\" alt=\"\" decoding=\"async\" loading=\"lazy\" srcset=\"http:\/\/lp2m-on.com.br\/wp-content\/uploads\/2024\/10\/1e3876ec-af93-40b9-96da-710b48eb8d06.jpeg 336w, http:\/\/lp2m-on.com.br\/wp-content\/uploads\/2024\/10\/1e3876ec-af93-40b9-96da-710b48eb8d06-252x300.jpeg 252w\" sizes=\"(max-width: 336px) 100vw, 336px\" \/>\t\t\t\t\t\t\t\t\t\t\t\t\t\t<\/p>\n<p><strong>Dra. Carolina Gon\u00e7alves Leandro<\/strong><\/p>\n<p>E-mail: carolinaleandro@on.br<br \/>Supervisor: Dr. Daniel R. Franco<br \/>Linhas de Pesquisa: Cicloestratigrafia, Magneto-cicloestratigrafia e Paleomagnetismo.<\/p>\n<p>CV Lattes: http:\/\/lattes.cnpq.br\/9606603935045453<\/p>\n<p>\t\t\t\t\t\t\t\t\t\t\t\t<img width=\"225\" height=\"300\" src=\"http:\/\/lp2m-on.com.br\/wp-content\/uploads\/2022\/11\/WhatsApp-Image-2022-06-07-at-10.30.35-1-225x300.jpeg\" alt=\"\" decoding=\"async\" loading=\"lazy\" srcset=\"http:\/\/lp2m-on.com.br\/wp-content\/uploads\/2022\/11\/WhatsApp-Image-2022-06-07-at-10.30.35-1-225x300.jpeg 225w, http:\/\/lp2m-on.com.br\/wp-content\/uploads\/2022\/11\/WhatsApp-Image-2022-06-07-at-10.30.35-1.jpeg 769w\" sizes=\"(max-width: 225px) 100vw, 225px\" \/>\t\t\t\t\t\t\t\t\t\t\t\t\t\t<\/p>\n<p><strong>Raysa de Magalh\u00e3es Rocha<\/strong><\/p>\n<p>E-mail: raysarocha@on.br<br \/>Supervisor: Dr. Daniel R. Franco<br \/>Linhas de Pesquisa: Cicloestratigrafia e\u00a0Modelagem de dados cicloestratigraficos<\/p>\n<p>CV Lattes: http:\/\/lattes.cnpq.br\/8375098806311861<\/p>\n<h2>Alunos de Doutorado<\/h2>\n<p>\t\t\t\t\t\t\t\t\t\t\t\t<img width=\"285\" height=\"300\" src=\"http:\/\/lp2m-on.com.br\/wp-content\/uploads\/2022\/11\/25e24674-8080-4d4b-903e-da01735066f5-285x300.jpeg\" alt=\"\" decoding=\"async\" loading=\"lazy\" srcset=\"http:\/\/lp2m-on.com.br\/wp-content\/uploads\/2022\/11\/25e24674-8080-4d4b-903e-da01735066f5-285x300.jpeg 285w, http:\/\/lp2m-on.com.br\/wp-content\/uploads\/2022\/11\/25e24674-8080-4d4b-903e-da01735066f5.jpeg 380w\" sizes=\"(max-width: 285px) 100vw, 285px\" \/>\t\t\t\t\t\t\t\t\t\t\t\t\t\t<\/p>\n<p><b>Vitor<\/b><strong> Emmanuel Paes Silveira<\/strong><\/p>\n<p>E-mail: vitorsilveira@on.br<br \/>Projeto: Magnetostratigraphy, environmental magnetism and magnetic fabric investigation of IODP Expedition 356 Sites U1460, U1461 and U1463<br \/>Orientador: Dr. Daniel R. Franco<br \/>Coorientadores:Dr. Lars Reuning (Kiel University, Germany)\u00a0e\u00a0Dra. Agathe Lis\u00e9-Pronovost (University of Melbourne, Australia)<\/p>\n<p>\t\t\t\t\t\t\t\t\t\t\t\t<img width=\"225\" height=\"300\" src=\"http:\/\/lp2m-on.com.br\/wp-content\/uploads\/2025\/04\/Nicolas-Rodrigues-225x300.jpg\" alt=\"\" decoding=\"async\" loading=\"lazy\" srcset=\"http:\/\/lp2m-on.com.br\/wp-content\/uploads\/2025\/04\/Nicolas-Rodrigues-225x300.jpg 225w, http:\/\/lp2m-on.com.br\/wp-content\/uploads\/2025\/04\/Nicolas-Rodrigues-766x1024.jpg 766w, http:\/\/lp2m-on.com.br\/wp-content\/uploads\/2025\/04\/Nicolas-Rodrigues-768x1026.jpg 768w, http:\/\/lp2m-on.com.br\/wp-content\/uploads\/2025\/04\/Nicolas-Rodrigues.jpg 958w\" sizes=\"(max-width: 225px) 100vw, 225px\" \/>\t\t\t\t\t\t\t\t\t\t\t\t\t\t<\/p>\n<p><b>Nicolas Rodrigues Hispagnol<\/b><\/p>\n<p>E-mail: nicolashispagnol@on.br<br \/>Projeto: Characterization of Magneto-Structural Properties of Iron-Bearing Particles in the Atmosphere and in Human\u00a0Brain\u00a0Tissue<br \/>Orientador: Dr. Daniel R. Franco<br \/>Coorientadores: Dra. Carolina L Zilli Vieira, PhD (Harvard T.H), Dra. Carolina G. Leandro, PhD (ON\/MCTI) e Dra. Andr\u00e9a Teixeira Ustra, PhD (IAG\/USP)<\/p>\n<h2>Alunos de Mestrado<\/h2>\n<p>\t\t\t\t\t\t\t\t\t\t\t\t<img width=\"241\" height=\"300\" src=\"http:\/\/lp2m-on.com.br\/wp-content\/uploads\/2022\/11\/Screenshot_20221121-094826_2-1-241x300.png\" alt=\"\" decoding=\"async\" loading=\"lazy\" srcset=\"http:\/\/lp2m-on.com.br\/wp-content\/uploads\/2022\/11\/Screenshot_20221121-094826_2-1-241x300.png 241w, http:\/\/lp2m-on.com.br\/wp-content\/uploads\/2022\/11\/Screenshot_20221121-094826_2-1.png 720w\" sizes=\"(max-width: 241px) 100vw, 241px\" \/>\t\t\t\t\t\t\t\t\t\t\t\t\t\t<\/p>\n<p><strong>Mariana Reis Regado<\/strong><\/p>\n<p>e-mail: marianaregado@gmail.com<br \/>Projeto: Caracteriza\u00e7\u00e3o magn\u00e9tica e estrutural de part\u00edculas portadoras de Fe presentes em aeross\u00f3is atmosf\u00e9ricos em Volta Redonda (RJ)<br \/>Orientador: Dr. Daniel R. Franco<br \/>Coorientadora: Dra. Carolina G. Leandro (ON\/MCTI)<\/p>\n<p>\t\t\t\t\t\t\t\t\t\t\t\t<img width=\"300\" height=\"263\" src=\"http:\/\/lp2m-on.com.br\/wp-content\/uploads\/2022\/11\/7307b09f-0920-4c03-bd3d-665db5a622c2-300x263.jpeg\" alt=\"\" decoding=\"async\" loading=\"lazy\" srcset=\"http:\/\/lp2m-on.com.br\/wp-content\/uploads\/2022\/11\/7307b09f-0920-4c03-bd3d-665db5a622c2-300x263.jpeg 300w, http:\/\/lp2m-on.com.br\/wp-content\/uploads\/2022\/11\/7307b09f-0920-4c03-bd3d-665db5a622c2.jpeg 400w\" sizes=\"(max-width: 300px) 100vw, 300px\" \/>\t\t\t\t\t\t\t\t\t\t\t\t\t\t<\/p>\n<p><strong>Mariana Arag\u00e3o Fernandes<\/strong><\/p>\n<p>E-mail: marianafernandes@on.br<br \/>Projeto: Cyclostratigraphy analysis of the northern portion of Albacora Oilfield (Campos Basin, Brazil)<br \/>Orientador: Dr. Daniel R. Franco<br \/>Coorientadores:\u00a0Dra. Nat\u00e1lia Braun dos Santos (ON\/MCTI)\u00a0e\u00a0Dr. Mingsong Li (Peking University, China)<\/p>\n<p>\t\t\t\t\t\t\t\t\t\t\t\t<img width=\"300\" height=\"280\" src=\"http:\/\/lp2m-on.com.br\/wp-content\/uploads\/2022\/11\/d0d799b3-e6b6-417b-851f-3233bf3e93f2-2-1-300x280.jpeg\" alt=\"\" decoding=\"async\" loading=\"lazy\" srcset=\"http:\/\/lp2m-on.com.br\/wp-content\/uploads\/2022\/11\/d0d799b3-e6b6-417b-851f-3233bf3e93f2-2-1-300x280.jpeg 300w, http:\/\/lp2m-on.com.br\/wp-content\/uploads\/2022\/11\/d0d799b3-e6b6-417b-851f-3233bf3e93f2-2-1.jpeg 400w\" sizes=\"(max-width: 300px) 100vw, 300px\" \/>\t\t\t\t\t\t\t\t\t\t\t\t\t\t<\/p>\n<p><strong>Evelyn Paiva do Nascimento<\/strong><\/p>\n<p>E-mail: evelynnascimento@on.br<br \/>Projeto:\u00a0Cicloestratigrafia de dep\u00f3sitos sedimentares da Bacia de Potiguar no intervalo Albiano-Campaniano<br \/>Orientador:<strong>\u00a0<\/strong>Dr. Daniel R. Franco<br \/>Coorientadores<strong>:\u00a0<\/strong>Dra. Mariane Candido (ON\/MCTI)\u00a0e\u00a0Dr. Andr\u00e9 Wiermann (ON\/MCTI)<\/p>\n<p>\t\t\t\t\t\t\t\t\t\t\t\t<img width=\"300\" height=\"300\" src=\"http:\/\/lp2m-on.com.br\/wp-content\/uploads\/2025\/04\/Untitled-300x300.jpg\" alt=\"\" decoding=\"async\" loading=\"lazy\" srcset=\"http:\/\/lp2m-on.com.br\/wp-content\/uploads\/2025\/04\/Untitled-300x300.jpg 300w, http:\/\/lp2m-on.com.br\/wp-content\/uploads\/2025\/04\/Untitled-150x150.jpg 150w, http:\/\/lp2m-on.com.br\/wp-content\/uploads\/2025\/04\/Untitled.jpg 493w\" sizes=\"(max-width: 300px) 100vw, 300px\" \/>\t\t\t\t\t\t\t\t\t\t\t\t\t\t<\/p>\n<p><strong>Bernardo Mokan Maffessoni<\/strong><\/p>\n<p>E-mail: bmmaffessoni@on.br<br \/>Projeto: Correla\u00e7\u00e3o cronoestratigr\u00e1fica e an\u00e1lise de sinais cicloestratigr\u00e1ficos em sedimentos carbon\u00e1ticos pel\u00e1gicos do IODP: investiga\u00e7\u00e3o dos eventos K-Pg e PETM.<br \/>Orientador: Dr. Daniel R. Franco<br \/>Coorientadores: Dra. Mariane C\u00e2ndido (ON\/MCTI) e Dr. Jhon Willy\u00a0Lopes\u00a0Afonso (IGc\/UNICAMP)<\/p>\n<h2>T\u00e9cnicos de Laborat\u00f3rio<\/h2>\n<p>\t\t\t\t\t\t\t\t\t\t\t\t<img width=\"300\" height=\"300\" src=\"http:\/\/lp2m-on.com.br\/wp-content\/uploads\/2025\/04\/default-300x300.jpg\" alt=\"\" decoding=\"async\" loading=\"lazy\" srcset=\"http:\/\/lp2m-on.com.br\/wp-content\/uploads\/2025\/04\/default-300x300.jpg 300w, http:\/\/lp2m-on.com.br\/wp-content\/uploads\/2025\/04\/default-150x150.jpg 150w, http:\/\/lp2m-on.com.br\/wp-content\/uploads\/2025\/04\/default-768x768.jpg 768w, http:\/\/lp2m-on.com.br\/wp-content\/uploads\/2025\/04\/default.jpg 980w\" sizes=\"(max-width: 300px) 100vw, 300px\" \/>\t\t\t\t\t\t\t\t\t\t\t\t\t\t<\/p>\n<p><strong>Kennedy Nascimento de \u00c1vila<\/strong><\/p>\n<p>E-mail: kennedy@on.br<br \/>T\u00e9cnico de laborat\u00f3rio (LPC2M)<\/p>\n<h2>Alunos de Inicia\u00e7\u00e3o Cient\u00edfica e Est\u00e1giarios<\/h2>\n<p>\t\t\t\t\t\t\t\t\t\t\t\t<img width=\"169\" height=\"300\" src=\"http:\/\/lp2m-on.com.br\/wp-content\/uploads\/2023\/06\/IMG-20220713-WA0033-1-e1686668749634-169x300.jpg\" alt=\"\" decoding=\"async\" loading=\"lazy\" srcset=\"http:\/\/lp2m-on.com.br\/wp-content\/uploads\/2023\/06\/IMG-20220713-WA0033-1-e1686668749634-169x300.jpg 169w, http:\/\/lp2m-on.com.br\/wp-content\/uploads\/2023\/06\/IMG-20220713-WA0033-1-e1686668749634.jpg 576w\" sizes=\"(max-width: 169px) 100vw, 169px\" \/><br \/>\n\t\t<strong>Guilherme Jacomo Vanzan<\/strong>\u00a0<\/p>\n<p>E-mail: guilhermevanzan@on.br<br \/>Projeto: Conserva\u00e7\u00e3o e digitaliza\u00e7\u00e3o dos magnetogramas do Observat\u00f3rio Magn\u00e9tico de Vassouras.<br \/>Orientador: Dr. Daniel R. Franco<\/p>\n<p>\u00a0<\/p>\n<p>\t\t\t\t\t\t\t\t\t\t\t\t<img width=\"222\" height=\"300\" src=\"http:\/\/lp2m-on.com.br\/wp-content\/uploads\/2025\/04\/eu-222x300.png\" alt=\"\" decoding=\"async\" loading=\"lazy\" srcset=\"http:\/\/lp2m-on.com.br\/wp-content\/uploads\/2025\/04\/eu-222x300.png 222w, http:\/\/lp2m-on.com.br\/wp-content\/uploads\/2025\/04\/eu.png 361w\" sizes=\"(max-width: 222px) 100vw, 222px\" \/>\t\t\t\t\t\t\t\t\t\t\t\t\t\t<\/p>\n<p><strong>Pedro Paiva Chini<\/strong><\/p>\n<p>Bolsista IC-Petrobras<\/p>\n<p>E-mail: pedrochini@id.uff.br<br \/>Tem\u00e1tica: Modelagem de dados cicloestratigraficos<br \/>Orientador: Dr. Daniel Franco<\/p>\n<p>\t\t\t\t\t\t\t\t\t\t\t\t<img width=\"300\" height=\"300\" src=\"http:\/\/lp2m-on.com.br\/wp-content\/uploads\/2025\/04\/default-300x300.jpg\" alt=\"\" decoding=\"async\" loading=\"lazy\" srcset=\"http:\/\/lp2m-on.com.br\/wp-content\/uploads\/2025\/04\/default-300x300.jpg 300w, http:\/\/lp2m-on.com.br\/wp-content\/uploads\/2025\/04\/default-150x150.jpg 150w, http:\/\/lp2m-on.com.br\/wp-content\/uploads\/2025\/04\/default-768x768.jpg 768w, http:\/\/lp2m-on.com.br\/wp-content\/uploads\/2025\/04\/default.jpg 980w\" sizes=\"(max-width: 300px) 100vw, 300px\" \/>\t\t\t\t\t\t\t\t\t\t\t\t\t\t<\/p>\n<p><b style=\"font-style: inherit;\">Giovanna da Silva Oliveira<\/b><\/p>\n<p>Bolsista IC-Petrobras<\/p>\n<p>Email: giosioli@gmail.com<br \/>Tem\u00e1tica: Modelagem de dados cicloestratigraficos<br \/>Orientador: Dr. Jos\u00e9 Alejandro M. Alfonzo<\/p>\n<h2>Alumni<\/h2>\n<p>\t\t\t\t\t\t\t\t\t\t\t\t<img width=\"300\" height=\"274\" src=\"http:\/\/lp2m-on.com.br\/wp-content\/uploads\/2022\/11\/b12158cf-d094-427e-8214-08b38aeac2cf-300x274.jpeg\" alt=\"\" decoding=\"async\" loading=\"lazy\" srcset=\"http:\/\/lp2m-on.com.br\/wp-content\/uploads\/2022\/11\/b12158cf-d094-427e-8214-08b38aeac2cf-300x274.jpeg 300w, http:\/\/lp2m-on.com.br\/wp-content\/uploads\/2022\/11\/b12158cf-d094-427e-8214-08b38aeac2cf.jpeg 400w\" sizes=\"(max-width: 300px) 100vw, 300px\" \/>\t\t\t\t\t\t\t\t\t\t\t\t\t\t<\/p>\n<p><strong>Jonat\u00e3 Barbosa Teixeira<\/strong><\/p>\n<p>Tese de Doutorado: Gera\u00e7\u00e3o e caracteriza\u00e7\u00e3o petrof\u00edsica e geoqu\u00edmica de rochas carbon\u00e1ticas sinterizadas com conte\u00fado de magnetita nanom\u00e9trica<\/p>\n<p>Orientador: Dr. Daniel R. Franco<br \/>Coorientadores:\u00a0Dr. Ricardo Ivan Ferreira da Trindade (IAG\/USP), Dra. Gabriella Fazio (ON\/MCTI) e\u00a0Dra. Silvia Lorena Bejarano Bermudez (UFRJ)<\/p>\n<p>Defesa: abril\/2025<\/p>\n<p>\t\t\t\t\t\t\t\t\t\t\t\t<img width=\"300\" height=\"300\" src=\"http:\/\/lp2m-on.com.br\/wp-content\/uploads\/2022\/11\/73feab25-affe-4cc4-bd3b-1e13224cac1a-300x300.jpeg\" alt=\"\" decoding=\"async\" loading=\"lazy\" srcset=\"http:\/\/lp2m-on.com.br\/wp-content\/uploads\/2022\/11\/73feab25-affe-4cc4-bd3b-1e13224cac1a-300x300.jpeg 300w, http:\/\/lp2m-on.com.br\/wp-content\/uploads\/2022\/11\/73feab25-affe-4cc4-bd3b-1e13224cac1a-150x150.jpeg 150w, http:\/\/lp2m-on.com.br\/wp-content\/uploads\/2022\/11\/73feab25-affe-4cc4-bd3b-1e13224cac1a.jpeg 400w\" sizes=\"(max-width: 300px) 100vw, 300px\" \/>\t\t\t\t\t\t\t\t\t\t\t\t\t\t<\/p>\n<p><b>Ciro Climaco Rodrigues<\/b><\/p>\n<p>Disserta\u00e7\u00e3o de Mestrado: Ciclostratigraphy of sedimentary records in Southern Albacora field, Campos Basin, Brazil<\/p>\n<p>Orientador: Dr. Daniel R. Franco<br \/>Coorientadores: Dra. Nat\u00e1lia Braun dos Santos (ON\/MCTI) e Dr. Mingsong Li (Peking University, China)<\/p>\n<p>Defesa: junho\/2023<\/p>\n<p>\t\t\t\t\t\t\t\t\t\t\t\t<img width=\"300\" height=\"300\" src=\"http:\/\/lp2m-on.com.br\/wp-content\/uploads\/2025\/04\/admin-ajax-1-300x300.jpg\" alt=\"\" decoding=\"async\" loading=\"lazy\" srcset=\"http:\/\/lp2m-on.com.br\/wp-content\/uploads\/2025\/04\/admin-ajax-1-300x300.jpg 300w, http:\/\/lp2m-on.com.br\/wp-content\/uploads\/2025\/04\/admin-ajax-1-150x150.jpg 150w, http:\/\/lp2m-on.com.br\/wp-content\/uploads\/2025\/04\/admin-ajax-1.jpg 400w\" sizes=\"(max-width: 300px) 100vw, 300px\" \/>\t\t\t\t\t\t\t\t\t\t\t\t\t\t<\/p>\n<p><b>Roberto Mac\u00eado Ara\u00fajo<\/b><\/p>\n<p>Disserta\u00e7\u00e3o de Mestrado: Avalia\u00e7\u00e3o da variabilidade das contribui\u00e7\u00f5es relativas dos termos harm\u00f4nicos zonais em fun\u00e7\u00e3o da taxa de revers\u00e3o geomagn\u00e9tica ao longo do Fanerozoico<\/p>\n<p>Orientador: Dr. Daniel R. Franco<br \/>Coorientadores: Dr. Daniele Cornellio de Paiva Caldeira Brandt (IAG\/USP) e Dr. Breno Raphaldini Ferreira da Silva (NCAR, EUA)<\/p>\n<p>Defesa: dezembro\/2021<\/p>\n<p>\t\t\t\t\t\t\t\t\t\t\t\t<img width=\"285\" height=\"300\" src=\"http:\/\/lp2m-on.com.br\/wp-content\/uploads\/2022\/11\/25e24674-8080-4d4b-903e-da01735066f5-285x300.jpeg\" alt=\"\" decoding=\"async\" loading=\"lazy\" srcset=\"http:\/\/lp2m-on.com.br\/wp-content\/uploads\/2022\/11\/25e24674-8080-4d4b-903e-da01735066f5-285x300.jpeg 285w, http:\/\/lp2m-on.com.br\/wp-content\/uploads\/2022\/11\/25e24674-8080-4d4b-903e-da01735066f5.jpeg 380w\" sizes=\"(max-width: 285px) 100vw, 285px\" \/>\t\t\t\t\t\t\t\t\t\t\t\t\t\t<\/p>\n<p><b>Vitor<\/b><strong> Emmanuel Paes Silveira<\/strong><\/p>\n<p>Disserta\u00e7\u00e3o de Mestrado: Evid\u00eancias por magnetismo ambiental para a distribui\u00e7\u00e3o de minerais portadores de Fe em fun\u00e7\u00e3o da deriva litor\u00e2nea entre os rios Para\u00edba do Sul e Itabapoana (RJ)<\/p>\n<p>Orientador: Dr. Daniel R. Franco<br \/>Coorientador: Dr. Emanuele Francesco La Terra<\/p>\n<p>Defesa: setembro\/2019<\/p>\n<p>\t\t\t\t\t\t\t\t\t\t\t\t<img width=\"300\" height=\"300\" src=\"http:\/\/lp2m-on.com.br\/wp-content\/uploads\/2025\/04\/admin-ajax-2-300x300.jpg\" alt=\"\" decoding=\"async\" loading=\"lazy\" srcset=\"http:\/\/lp2m-on.com.br\/wp-content\/uploads\/2025\/04\/admin-ajax-2-300x300.jpg 300w, http:\/\/lp2m-on.com.br\/wp-content\/uploads\/2025\/04\/admin-ajax-2-150x150.jpg 150w, http:\/\/lp2m-on.com.br\/wp-content\/uploads\/2025\/04\/admin-ajax-2.jpg 400w\" sizes=\"(max-width: 300px) 100vw, 300px\" \/>\t\t\t\t\t\t\t\t\t\t\t\t\t\t<\/p>\n<p><b>Pillar de Oliveira Carvalho Rodrigues<\/b><\/p>\n<p>Tese de Doutorado: Testing timescales for 2.5 Ga banded iron formations rhythms (Dales Gorge Member, Hamersley Basin, Australia) by using distinct cyclostratigraphic approaches<\/p>\n<p>Orientador: Dr. Daniel R. Franco<br \/>Coorientadora: Dra. Linda Alide Hinnov (George Mason University, EUA)<\/p>\n<p>Defesa: setembro\/2018<\/p>\n<p>\t\t\t\t\t\t\t\t\t\t\t\t<img width=\"300\" height=\"300\" src=\"http:\/\/lp2m-on.com.br\/wp-content\/uploads\/2025\/04\/admin-ajax-2-300x300.jpg\" alt=\"\" decoding=\"async\" loading=\"lazy\" srcset=\"http:\/\/lp2m-on.com.br\/wp-content\/uploads\/2025\/04\/admin-ajax-2-300x300.jpg 300w, http:\/\/lp2m-on.com.br\/wp-content\/uploads\/2025\/04\/admin-ajax-2-150x150.jpg 150w, http:\/\/lp2m-on.com.br\/wp-content\/uploads\/2025\/04\/admin-ajax-2.jpg 400w\" sizes=\"(max-width: 300px) 100vw, 300px\" \/>\t\t\t\t\t\t\t\t\t\t\t\t\t\t<\/p>\n<p><strong>Felipe Barbosa Ven\u00e2ncio de Freitas<\/strong><\/p>\n<p>Disserta\u00e7\u00e3o de Mestrado: Comportamento da varia\u00e7\u00e3o paleo-secular durante a Hiperzona de Polaridade Mista Illawarra, per\u00edodo de transi\u00e7\u00e3o Paleozoico-Mesozoico<\/p>\n<p>Orientador: Dr. Daniel R. Franco<\/p>\n<p>Defesa: dezembro\/2017<\/p>\n<p>\t\t\t\t\t\t\t\t\t\t\t\t<img width=\"300\" height=\"300\" src=\"http:\/\/lp2m-on.com.br\/wp-content\/uploads\/2025\/04\/admin-ajax-2-300x300.jpg\" alt=\"\" decoding=\"async\" loading=\"lazy\" srcset=\"http:\/\/lp2m-on.com.br\/wp-content\/uploads\/2025\/04\/admin-ajax-2-300x300.jpg 300w, http:\/\/lp2m-on.com.br\/wp-content\/uploads\/2025\/04\/admin-ajax-2-150x150.jpg 150w, http:\/\/lp2m-on.com.br\/wp-content\/uploads\/2025\/04\/admin-ajax-2.jpg 400w\" sizes=\"(max-width: 300px) 100vw, 300px\" \/>\t\t\t\t\t\t\t\t\t\t\t\t\t\t<\/p>\n<p><strong>Wellington Paulo de Oliveira<\/strong><\/p>\n<p>Disserta\u00e7\u00e3o de Mestrado: An\u00e1lises de dispers\u00e3o angular de p\u00f3los geomagn\u00e9ticos virtuais referentes ao Superchron Reverso do Permocarbon\u00edfero<\/p>\n<p>Orientador: Dr. Daniel R. Franco<\/p>\n<p>Defesa: junho\/2017<\/p>\n","protected":false},"excerpt":{"rendered":"<p>Pessoal Corpo Permanente Dr. Daniel Ribeiro Franco | Coordenador do LPC2M E-mail: drfranco@on.br Linhas de Pesquisa: Cicloestratigrafia, Paleomagnetismo, Mineralogia Magn\u00e9tica CV Lattes: http:\/\/lattes.cnpq.br\/9874436698730620 Dr. Andr\u00e9 Wiermann\u00a0 |\u00a0 Vice-Coordenador E-mail: andrew@on.brLinhas de Pesquisa: Geomagnetismo, Instrumenta\u00e7\u00e3o Geof\u00edsica CV Lattes: http:\/\/lattes.cnpq.br\/8712078841865403 Dr. Pl\u00ednio Francisco Jaqueto | Pesquisador Adjunto E-mail: pliniojaqueto@on.brLinhas de Pesquisa: Paleomagnetismo, Geomagnetismo, Mineralogia, Paleoclimatologia CV Lattes: &hellip;<\/p>\n<p class=\"read-more\"> <a class=\"\" href=\"https:\/\/lp2m-on.com.br\/es\/pessoal\/\">  Read More &raquo;<\/a><\/p>\n","protected":false},"author":2,"featured_media":0,"parent":0,"menu_order":0,"comment_status":"closed","ping_status":"closed","template":"","meta":[],"translation":{"provider":"WPGlobus","version":"2.7.3","language":"es","enabled_languages":["br","en","es"],"languages":{"br":{"title":false,"content":true,"excerpt":false},"en":{"title":false,"content":true,"excerpt":false},"es":{"title":false,"content":false,"excerpt":false}}},"_links":{"self":[{"href":"https:\/\/lp2m-on.com.br\/es\/wp-json\/wp\/v2\/pages\/24717"}],"collection":[{"href":"https:\/\/lp2m-on.com.br\/es\/wp-json\/wp\/v2\/pages"}],"about":[{"href":"https:\/\/lp2m-on.com.br\/es\/wp-json\/wp\/v2\/types\/page"}],"author":[{"embeddable":true,"href":"https:\/\/lp2m-on.com.br\/es\/wp-json\/wp\/v2\/users\/2"}],"replies":[{"embeddable":true,"href":"https:\/\/lp2m-on.com.br\/es\/wp-json\/wp\/v2\/comments?post=24717"}],"version-history":[{"count":325,"href":"https:\/\/lp2m-on.com.br\/es\/wp-json\/wp\/v2\/pages\/24717\/revisions"}],"predecessor-version":[{"id":26323,"href":"https:\/\/lp2m-on.com.br\/es\/wp-json\/wp\/v2\/pages\/24717\/revisions\/26323"}],"wp:attachment":[{"href":"https:\/\/lp2m-on.com.br\/es\/wp-json\/wp\/v2\/media?parent=24717"}],"curies":[{"name":"wp","href":"https:\/\/api.w.org\/{rel}","templated":true}]}}