{"id":24531,"date":"2022-03-23T10:33:59","date_gmt":"2022-03-23T13:33:59","guid":{"rendered":"http:\/\/lp2m-on.com.br\/?page_id=24531"},"modified":"2025-04-03T20:03:34","modified_gmt":"2025-04-03T23:03:34","slug":"quem-somos","status":"publish","type":"page","link":"https:\/\/lp2m-on.com.br\/es\/quem-somos\/","title":{"rendered":"Sobre o laborat\u00f3rio"},"content":{"rendered":"<h2>Sobre o laborat\u00f3rio<\/h2>\t\t\n\t\t<p><\/p>O Laborat\u00f3rio de Paleomagnetismo, Cicloestratigrafia e Mineralogia Magn\u00e9tica do Observat\u00f3rio Nacional (LPC2M-ON) &#8211; segundo laborat\u00f3rio no Brasil e na Am\u00e9rica do Sul dotado de sala magneticamente blindada &#8211; possibilita a realiza\u00e7\u00e3o de estudos fundamentados no magnetismo de geomateriais e na an\u00e1lise cicloestratigr\u00e1fica, oferecendo diversas aplica\u00e7\u00f5es que abrangem processos geol\u00f3gicos, estudos ambientais (como monitoramento ambiental e variabilidade paleoclim\u00e1tica), investiga\u00e7\u00f5es do campo geomagn\u00e9tico em \u00e9pocas passadas e an\u00e1lises de processos quase-peri\u00f3dicos em escala orbital (10\u02c64 &#8211; 10\u02c66 a) registrados em sequ\u00eancias sedimentares. Tamb\u00e9m desenvolvemos atividades de pesquisa, desenvolvimento e inova\u00e7\u00e3o em colabora\u00e7\u00e3o com o setor produtivo (explora\u00e7\u00e3o mineral e na prospec\u00e7\u00e3o de hidrocarbonetos).<br><br>Com cerca de R$ 14,6 milh\u00f5es j\u00e1 investidos (sendo mais de R$ 8,4 milh\u00f5es em equipamentos j\u00e1 adquiridos), o LPC2M-ON j\u00e1 disp\u00f5e dos seguintes instrumentos, a serem disponibilizados em breve em car\u00e1ter multiusu\u00e1rio: (1)&nbsp; susceptibil\u00edmetro multifun\u00e7\u00e3o Kappabridge, com balan\u00e7as t\u00e9rmicas CS4 e CSL (AGICO, s.r.o., Czech Republic); (2) magnetizador tipo impulse, modelo IM-10-30 (ASC Scientific, United States); (3) desmagnetizador por campos alternados modelo LDA5 e m\u00f3dulo para realiza\u00e7\u00e3o de medidas de magnetiza\u00e7\u00e3o anister\u00e9tica PAM1 (AGICO, s.r.o., Czech Republic); (4) desmagnetizador t\u00e9rmico modelo MMTD80A (Magnetic Measurements Ltd., UK); (5) magnet\u00f4metro de tipo spinner, modelo JR-6A (AGICO, s.r.o., Czech Republic); (6) Magnet\u00f4metro de amostra vibrante modelo 8607 (Lakeshore, USA); (7) Analisador Vanta Max modelo V2MR (Olympus, USA). No momento, a equipe do LPC2M-ON aguarda a chegada do Analisador Vanta Max modelo V2MR (Olympus, USA), j\u00e1 adquirido com recursos FINEP.<p><\/p>\n<p><\/p>\t\t\n\t\t\t\t\t\t\t\t\t\t\t\t<img width=\"768\" height=\"859\" src=\"http:\/\/lp2m-on.com.br\/wp-content\/uploads\/2023\/07\/Logo-Paleo-Ciclo-COR-POS-VERT-TRANSP-768x859.png\" alt=\"\" decoding=\"async\" loading=\"lazy\" srcset=\"https:\/\/lp2m-on.com.br\/wp-content\/uploads\/2023\/07\/Logo-Paleo-Ciclo-COR-POS-VERT-TRANSP-768x859.png 768w, https:\/\/lp2m-on.com.br\/wp-content\/uploads\/2023\/07\/Logo-Paleo-Ciclo-COR-POS-VERT-TRANSP-268x300.png 268w, https:\/\/lp2m-on.com.br\/wp-content\/uploads\/2023\/07\/Logo-Paleo-Ciclo-COR-POS-VERT-TRANSP-916x1024.png 916w, https:\/\/lp2m-on.com.br\/wp-content\/uploads\/2023\/07\/Logo-Paleo-Ciclo-COR-POS-VERT-TRANSP-1374x1536.png 1374w, https:\/\/lp2m-on.com.br\/wp-content\/uploads\/2023\/07\/Logo-Paleo-Ciclo-COR-POS-VERT-TRANSP-1832x2048.png 1832w, https:\/\/lp2m-on.com.br\/wp-content\/uploads\/2023\/07\/Logo-Paleo-Ciclo-COR-POS-VERT-TRANSP.png 1984w\" sizes=\"(max-width: 768px) 100vw, 768px\" \/>","protected":false},"excerpt":{"rendered":"<p>Sobre o laborat\u00f3rio O Laborat\u00f3rio de Paleomagnetismo, Cicloestratigrafia e Mineralogia Magn\u00e9tica do Observat\u00f3rio Nacional (LPC2M-ON) &#8211; segundo laborat\u00f3rio no Brasil e na Am\u00e9rica do Sul dotado de sala magneticamente blindada &#8211; possibilita a realiza\u00e7\u00e3o de estudos fundamentados no magnetismo de geomateriais e na an\u00e1lise cicloestratigr\u00e1fica, oferecendo diversas aplica\u00e7\u00f5es que abrangem processos geol\u00f3gicos, estudos ambientais (como &hellip;<\/p>\n<p class=\"read-more\"> <a class=\"\" href=\"https:\/\/lp2m-on.com.br\/es\/quem-somos\/\"> <span class=\"screen-reader-text\">Sobre o laborat\u00f3rio<\/span> Read More &raquo;<\/a><\/p>\n","protected":false},"author":1,"featured_media":0,"parent":0,"menu_order":0,"comment_status":"closed","ping_status":"closed","template":"","meta":[],"translation":{"provider":"WPGlobus","version":"2.7.3","language":"es","enabled_languages":["br","en","es"],"languages":{"br":{"title":true,"content":true,"excerpt":false},"en":{"title":true,"content":true,"excerpt":false},"es":{"title":false,"content":false,"excerpt":false}}},"_links":{"self":[{"href":"https:\/\/lp2m-on.com.br\/es\/wp-json\/wp\/v2\/pages\/24531"}],"collection":[{"href":"https:\/\/lp2m-on.com.br\/es\/wp-json\/wp\/v2\/pages"}],"about":[{"href":"https:\/\/lp2m-on.com.br\/es\/wp-json\/wp\/v2\/types\/page"}],"author":[{"embeddable":true,"href":"https:\/\/lp2m-on.com.br\/es\/wp-json\/wp\/v2\/users\/1"}],"replies":[{"embeddable":true,"href":"https:\/\/lp2m-on.com.br\/es\/wp-json\/wp\/v2\/comments?post=24531"}],"version-history":[{"count":33,"href":"https:\/\/lp2m-on.com.br\/es\/wp-json\/wp\/v2\/pages\/24531\/revisions"}],"predecessor-version":[{"id":26006,"href":"https:\/\/lp2m-on.com.br\/es\/wp-json\/wp\/v2\/pages\/24531\/revisions\/26006"}],"wp:attachment":[{"href":"https:\/\/lp2m-on.com.br\/es\/wp-json\/wp\/v2\/media?parent=24531"}],"curies":[{"name":"wp","href":"https:\/\/api.w.org\/{rel}","templated":true}]}}