{"id":24717,"date":"2022-06-06T15:35:53","date_gmt":"2022-06-06T18:35:53","guid":{"rendered":"http:\/\/lp2m-on.com.br\/?page_id=24717"},"modified":"2025-07-10T18:49:49","modified_gmt":"2025-07-10T21:49:49","slug":"pessoal","status":"publish","type":"page","link":"https:\/\/lp2m-on.com.br\/en\/pessoal\/","title":{"rendered":""},"content":{"rendered":"<p><img width=\"300\" height=\"260\" src=\"http:\/\/lp2m-on.com.br\/wp-content\/uploads\/2022\/11\/9d0d9b9c-62a8-4b24-88de-d030c9afa108-300x260.jpeg\" alt=\"\" decoding=\"async\" loading=\"lazy\" srcset=\"http:\/\/lp2m-on.com.br\/wp-content\/uploads\/2022\/11\/9d0d9b9c-62a8-4b24-88de-d030c9afa108-300x260.jpeg 300w, http:\/\/lp2m-on.com.br\/wp-content\/uploads\/2022\/11\/9d0d9b9c-62a8-4b24-88de-d030c9afa108.jpeg 400w\" sizes=\"(max-width: 300px) 100vw, 300px\" \/>\t\t\t\t\t\t\t\t\t\t\t\t\t\t<\/p>\n<p><strong>Dr. Daniel Ribeiro Franco | Coordenador do LPC2M<\/strong><\/p>\n<p>E-mail: drfranco@on.br <br \/>Linhas de Pesquisa: Cicloestratigrafia, Paleomagnetismo, Mineralogia Magn\u00e9tica<\/p>\n<p>\t\t\t\t\t\t\t\t\t\t\t\t<img width=\"290\" height=\"300\" src=\"http:\/\/lp2m-on.com.br\/wp-content\/uploads\/2022\/11\/7077144c-417d-4959-a891-0d3c7835ce2b-290x300.jpeg\" alt=\"\" decoding=\"async\" loading=\"lazy\" srcset=\"http:\/\/lp2m-on.com.br\/wp-content\/uploads\/2022\/11\/7077144c-417d-4959-a891-0d3c7835ce2b-290x300.jpeg 290w, http:\/\/lp2m-on.com.br\/wp-content\/uploads\/2022\/11\/7077144c-417d-4959-a891-0d3c7835ce2b.jpeg 387w\" sizes=\"(max-width: 290px) 100vw, 290px\" \/>\t\t\t\t\t\t\t\t\t\t\t\t\t\t<\/p>\n<p><strong>Dr. Andr\u00e9 Wiermann\u00a0 |\u00a0 Vice-Coordenador<\/strong><\/p>\n<p>E-mail: andrew@on.br<br \/>Linhas de Pesquisa: Geomagnetismo, Instrumenta\u00e7\u00e3o Geof\u00edsica<\/p>\n<h2>Post-docs &#038; Pesq. Visitantes<\/h2>\n<p>\t\t\t\t\t\t\t\t\t\t\t\t<img width=\"268\" height=\"300\" src=\"http:\/\/lp2m-on.com.br\/wp-content\/uploads\/2022\/11\/6717a3fa-c3e7-4e11-92f3-68cc79f3f650-268x300.jpeg\" alt=\"\" decoding=\"async\" loading=\"lazy\" srcset=\"http:\/\/lp2m-on.com.br\/wp-content\/uploads\/2022\/11\/6717a3fa-c3e7-4e11-92f3-68cc79f3f650-268x300.jpeg 268w, http:\/\/lp2m-on.com.br\/wp-content\/uploads\/2022\/11\/6717a3fa-c3e7-4e11-92f3-68cc79f3f650.jpeg 357w\" sizes=\"(max-width: 268px) 100vw, 268px\" \/>\t\t\t\t\t\t\t\t\t\t\t\t\t\t<\/p>\n<p><strong>Dra. Nat\u00e1lia Braun dos Santos<\/strong><\/p>\n<p>E-mail: nataliabraun@on.br<br \/>Supervisor: Dr. Daniel Ribeiro Franco<br \/>Linhas de Pesquisa: Cicloestratigrafia, Oceanografia, Estratigrafia de Sequ\u00eancias<\/p>\n<p>\t\t\t\t\t\t\t\t\t\t\t\t<img width=\"248\" height=\"300\" src=\"http:\/\/lp2m-on.com.br\/wp-content\/uploads\/2022\/11\/c874282b-a4ef-48b0-b053-80053fa75614-248x300.jpeg\" alt=\"\" decoding=\"async\" loading=\"lazy\" srcset=\"http:\/\/lp2m-on.com.br\/wp-content\/uploads\/2022\/11\/c874282b-a4ef-48b0-b053-80053fa75614-248x300.jpeg 248w, http:\/\/lp2m-on.com.br\/wp-content\/uploads\/2022\/11\/c874282b-a4ef-48b0-b053-80053fa75614.jpeg 331w\" sizes=\"(max-width: 248px) 100vw, 248px\" \/>\t\t\t\t\t\t\t\t\t\t\t\t\t\t<\/p>\n<p><strong>Dra. Mariane Candido<\/strong><\/p>\n<p>E-mail: marianecandido@on.br<br \/>Supervisor: Dr. Daniel Ribeiro Franco<br \/>Linhas de Pesquisa: Cicloestratigrafia, Estratigrafia de Sequ\u00eancias, Sedimentologia, Reconstru\u00e7\u00e3o Paleoambiental<\/p>\n<p>\t\t\t\t\t\t\t\t\t\t\t\t<img width=\"300\" height=\"300\" src=\"http:\/\/lp2m-on.com.br\/wp-content\/uploads\/2022\/11\/WhatsApp-Image-2022-11-21-at-19.43.41-edited-300x300-1.jpeg\" alt=\"\" decoding=\"async\" loading=\"lazy\" srcset=\"http:\/\/lp2m-on.com.br\/wp-content\/uploads\/2022\/11\/WhatsApp-Image-2022-11-21-at-19.43.41-edited-300x300-1.jpeg 300w, http:\/\/lp2m-on.com.br\/wp-content\/uploads\/2022\/11\/WhatsApp-Image-2022-11-21-at-19.43.41-edited-300x300-1-150x150.jpeg 150w\" sizes=\"(max-width: 300px) 100vw, 300px\" \/>\t\t\t\t\t\t\t\t\t\t\t\t\t\t<\/p>\n<p><strong>Dr. Jhon Willy Lopes Afonso <\/strong><\/p>\n<p>E-mail: jhonafonso@on.br<br \/>Projeto: Cicloestratigrafia na Forma\u00e7\u00e3o Avellaneda (Ediacarano m\u00e9dio), Grupo La Providencia, Argentina<br \/>Supervisor: Dr. Daniel Ribeiro Franco<br \/>Linhas de Pesquisa: Cicloestratigrafia, Sedimentologia, Estratigrafia, Magnetoestraigrafia<\/p>\n<h2>Alunos de Doutorado<\/h2>\n<p>\t\t\t\t\t\t\t\t\t\t\t\t<img width=\"300\" height=\"274\" src=\"http:\/\/lp2m-on.com.br\/wp-content\/uploads\/2022\/11\/b12158cf-d094-427e-8214-08b38aeac2cf-300x274.jpeg\" alt=\"\" decoding=\"async\" loading=\"lazy\" srcset=\"http:\/\/lp2m-on.com.br\/wp-content\/uploads\/2022\/11\/b12158cf-d094-427e-8214-08b38aeac2cf-300x274.jpeg 300w, http:\/\/lp2m-on.com.br\/wp-content\/uploads\/2022\/11\/b12158cf-d094-427e-8214-08b38aeac2cf.jpeg 400w\" sizes=\"(max-width: 300px) 100vw, 300px\" \/>\t\t\t\t\t\t\t\t\t\t\t\t\t\t<\/p>\n<p><strong>Jonat\u00e3 Barbosa Teixeira<\/strong><\/p>\n<p>E-mail: jonatateixeira@on.br<br \/>Projeto: Influ\u00eancia dos \u00f3xidos de Fe no espectro de resson\u00e2ncia magn\u00e9tica nuclear e seus resultados petrof\u00edsicos<br \/>Orientador: Dr. Daniel Ribeiro Franco<br \/>Coorientadores:\u00a0Dr. Ricardo Ivan Ferreira da Trindade (IAG\/USP)\u00a0e\u00a0Dra. Silvia Lorena Bejarano Bermudez (ON\/MCTI)<\/p>\n<p>\t\t\t\t\t\t\t\t\t\t\t\t<img width=\"285\" height=\"300\" src=\"http:\/\/lp2m-on.com.br\/wp-content\/uploads\/2022\/11\/25e24674-8080-4d4b-903e-da01735066f5-285x300.jpeg\" alt=\"\" decoding=\"async\" loading=\"lazy\" srcset=\"http:\/\/lp2m-on.com.br\/wp-content\/uploads\/2022\/11\/25e24674-8080-4d4b-903e-da01735066f5-285x300.jpeg 285w, http:\/\/lp2m-on.com.br\/wp-content\/uploads\/2022\/11\/25e24674-8080-4d4b-903e-da01735066f5.jpeg 380w\" sizes=\"(max-width: 285px) 100vw, 285px\" \/>\t\t\t\t\t\t\t\t\t\t\t\t\t\t<\/p>\n<p><b>Vitor<\/b><strong> Emmanuel Paes Silveira<\/strong><\/p>\n<p>E-mail: vitorsilveira@on.br<br \/>Projeto: Magnetostratigraphy, environmental magnetism and magnetic fabric investigation of IODP Expedition 356 Sites U1460, U1461 and U1463<br \/>Orientador: Dr. Daniel Ribeiro Franco<br \/>Coorientadores:Dr. Lars Reuning (Kiel University, Germany)\u00a0e\u00a0Dra. Agathe Lis\u00e9-Pronovost (University of Melbourne, Australia)<\/p>\n<h2>Alunos de Mestrado<\/h2>\n<p>\t\t\t\t\t\t\t\t\t\t\t\t<img width=\"300\" height=\"300\" src=\"http:\/\/lp2m-on.com.br\/wp-content\/uploads\/2022\/11\/73feab25-affe-4cc4-bd3b-1e13224cac1a-300x300.jpeg\" alt=\"\" decoding=\"async\" loading=\"lazy\" srcset=\"http:\/\/lp2m-on.com.br\/wp-content\/uploads\/2022\/11\/73feab25-affe-4cc4-bd3b-1e13224cac1a-300x300.jpeg 300w, http:\/\/lp2m-on.com.br\/wp-content\/uploads\/2022\/11\/73feab25-affe-4cc4-bd3b-1e13224cac1a-150x150.jpeg 150w, http:\/\/lp2m-on.com.br\/wp-content\/uploads\/2022\/11\/73feab25-affe-4cc4-bd3b-1e13224cac1a.jpeg 400w\" sizes=\"(max-width: 300px) 100vw, 300px\" \/>\t\t\t\t\t\t\t\t\t\t\t\t\t\t<\/p>\n<p><strong>Ciro Climaco Rodrigues<\/strong><\/p>\n<p>E-mail: cirorodrigues@on.br<br \/>Projeto: Cicloestratigrafia de registros sedimentares em bacias brasileiras<br \/>Orientador: Dr. Daniel Ribeiro Franco<br \/>Coorientadores:\u00a0Dra. Nat\u00e1lia Braun dos Santos (ON\/MCTI)\u00a0e\u00a0Dr. Mingsong Li (Peking University, China)<\/p>\n<p>\t\t\t\t\t\t\t\t\t\t\t\t<img width=\"300\" height=\"263\" src=\"http:\/\/lp2m-on.com.br\/wp-content\/uploads\/2022\/11\/7307b09f-0920-4c03-bd3d-665db5a622c2-300x263.jpeg\" alt=\"\" decoding=\"async\" loading=\"lazy\" srcset=\"http:\/\/lp2m-on.com.br\/wp-content\/uploads\/2022\/11\/7307b09f-0920-4c03-bd3d-665db5a622c2-300x263.jpeg 300w, http:\/\/lp2m-on.com.br\/wp-content\/uploads\/2022\/11\/7307b09f-0920-4c03-bd3d-665db5a622c2.jpeg 400w\" sizes=\"(max-width: 300px) 100vw, 300px\" \/>\t\t\t\t\t\t\t\t\t\t\t\t\t\t<\/p>\n<p><strong>Mariana Arag\u00e3o Fernandes<\/strong><\/p>\n<p>E-mail: marianafernandes@on.br<br \/>Projeto: Cyclostratigraphy analysis of the northern portion of Albacora Oilfield (Campos Basin, Brazil)<br \/>Orientador: Dr. Daniel Ribeiro Franco<br \/>Coorientadores:\u00a0Dra. Nat\u00e1lia Braun dos Santos (ON\/MCTI)\u00a0e\u00a0Dr. Mingsong Li (Peking University, China)<\/p>\n<p>\t\t\t\t\t\t\t\t\t\t\t\t<img width=\"300\" height=\"280\" src=\"http:\/\/lp2m-on.com.br\/wp-content\/uploads\/2022\/11\/d0d799b3-e6b6-417b-851f-3233bf3e93f2-2-1-300x280.jpeg\" alt=\"\" decoding=\"async\" loading=\"lazy\" srcset=\"http:\/\/lp2m-on.com.br\/wp-content\/uploads\/2022\/11\/d0d799b3-e6b6-417b-851f-3233bf3e93f2-2-1-300x280.jpeg 300w, http:\/\/lp2m-on.com.br\/wp-content\/uploads\/2022\/11\/d0d799b3-e6b6-417b-851f-3233bf3e93f2-2-1.jpeg 400w\" sizes=\"(max-width: 300px) 100vw, 300px\" \/>\t\t\t\t\t\t\t\t\t\t\t\t\t\t<\/p>\n<p><strong>Evelyn Paiva do Nascimento<\/strong><\/p>\n<p>E-mail: evelynnascimento@on.br<br \/>Projeto:\u00a0Cicloestratigrafia de dep\u00f3sitos sedimentares da Bacia de Potiguar no intervalo Albiano-Campaniano<br \/>Orientador:<strong>\u00a0<\/strong>Dr. Daniel Ribeiro Franco<br \/>Coorientadores<strong>:\u00a0<\/strong>Dra. Mariane Candido (ON\/MCTI)\u00a0e\u00a0Dr. Andr\u00e9 Wiermann (ON\/MCTI)<\/p>\n<h2>T\u00e9cnicos de Laborat\u00f3rio<\/h2>\n<p>\t\t\t\t\t\t\t\t\t\t\t\t<img width=\"237\" height=\"300\" src=\"http:\/\/lp2m-on.com.br\/wp-content\/uploads\/2022\/11\/Capturar-237x300.jpg\" alt=\"\" decoding=\"async\" loading=\"lazy\" srcset=\"http:\/\/lp2m-on.com.br\/wp-content\/uploads\/2022\/11\/Capturar-237x300.jpg 237w, http:\/\/lp2m-on.com.br\/wp-content\/uploads\/2022\/11\/Capturar.jpg 314w\" sizes=\"(max-width: 237px) 100vw, 237px\" \/>\t\t\t\t\t\t\t\t\t\t\t\t\t\t<\/p>\n<p><strong>Luiz Henrique<\/strong><\/p>\n<p>E-mail: luizhenrique@on.br<br \/>T\u00e9cnico de laborat\u00f3rio (LPC2M)<br \/>Supervis\u00e3o: Dr. Daniel Ribeiro Franco<\/p>\n<h2>Alunos de Inicia\u00e7\u00e3o Cient\u00edfica e Est\u00e1giarios<\/h2>\n<p>\t\t\t\t\t\t\t\t\t\t\t\t<img width=\"225\" height=\"300\" src=\"http:\/\/lp2m-on.com.br\/wp-content\/uploads\/2022\/11\/WhatsApp-Image-2022-06-07-at-10.30.35-1-225x300.jpeg\" alt=\"\" decoding=\"async\" loading=\"lazy\" srcset=\"http:\/\/lp2m-on.com.br\/wp-content\/uploads\/2022\/11\/WhatsApp-Image-2022-06-07-at-10.30.35-1-225x300.jpeg 225w, http:\/\/lp2m-on.com.br\/wp-content\/uploads\/2022\/11\/WhatsApp-Image-2022-06-07-at-10.30.35-1.jpeg 769w\" sizes=\"(max-width: 225px) 100vw, 225px\" \/>\t\t\t\t\t\t\t\t\t\t\t\t\t\t<\/p>\n<p><strong>Raysa Rocha<\/strong><\/p>\n<p>E-mail: raysamagalhaes@gmail.com <br \/>Projeto: An\u00e1lise de ciclicidade em ritmitos da Forma\u00e7\u00e3o Mafra, Grupo Itarar\u00e9, Bacia do Paran\u00e1<br \/>Orientadora: Dra. Mariane Candido<\/p>\n<p>\t\t\t\t\t\t\t\t\t\t\t\t<img width=\"241\" height=\"300\" src=\"http:\/\/lp2m-on.com.br\/wp-content\/uploads\/2022\/11\/Screenshot_20221121-094826_2-1-241x300.png\" alt=\"\" decoding=\"async\" loading=\"lazy\" srcset=\"http:\/\/lp2m-on.com.br\/wp-content\/uploads\/2022\/11\/Screenshot_20221121-094826_2-1-241x300.png 241w, http:\/\/lp2m-on.com.br\/wp-content\/uploads\/2022\/11\/Screenshot_20221121-094826_2-1.png 720w\" sizes=\"(max-width: 241px) 100vw, 241px\" \/>\t\t\t\t\t\t\t\t\t\t\t\t\t\t<\/p>\n<p><strong>Mariana Regado<\/strong><\/p>\n<p>e-mail: marianaregado@gmail.com<br \/>Projeto: Cicloestratigrafia da por\u00e7\u00e3o central do Campo de Albacora, Bacia de Campos<br \/>Orientador: Dr. Daniel Franco<\/p>\n<p>\t\t\t\t\t\t\t\t\t\t\t\t<img width=\"169\" height=\"300\" src=\"http:\/\/lp2m-on.com.br\/wp-content\/uploads\/2023\/06\/IMG-20220713-WA0033-1-e1686668749634-169x300.jpg\" alt=\"\" decoding=\"async\" loading=\"lazy\" srcset=\"http:\/\/lp2m-on.com.br\/wp-content\/uploads\/2023\/06\/IMG-20220713-WA0033-1-e1686668749634-169x300.jpg 169w, http:\/\/lp2m-on.com.br\/wp-content\/uploads\/2023\/06\/IMG-20220713-WA0033-1-e1686668749634.jpg 576w\" sizes=\"(max-width: 169px) 100vw, 169px\" \/><br \/>\n\t\t<strong>Guilherme Jacomo Vanzan<\/strong>\u00a0<\/p>\n<p>E-mail: guilhermevanzan@on.br<br \/>Projeto: Conserva\u00e7\u00e3o e digitaliza\u00e7\u00e3o dos magnetogramas do Observat\u00f3rio Magn\u00e9tico de Vassouras.<br \/>Orientador: Dr.Daniel Franco<\/p>\n<p>\t\t\t\t\t\t\t\t\t\t\t\t<img width=\"225\" height=\"300\" src=\"http:\/\/lp2m-on.com.br\/wp-content\/uploads\/2022\/11\/WhatsApp-Image-2022-11-21-at-11.16.52-768x1024-1-225x300.jpeg\" alt=\"\" decoding=\"async\" loading=\"lazy\" srcset=\"http:\/\/lp2m-on.com.br\/wp-content\/uploads\/2022\/11\/WhatsApp-Image-2022-11-21-at-11.16.52-768x1024-1-225x300.jpeg 225w, http:\/\/lp2m-on.com.br\/wp-content\/uploads\/2022\/11\/WhatsApp-Image-2022-11-21-at-11.16.52-768x1024-1.jpeg 768w\" sizes=\"(max-width: 225px) 100vw, 225px\" \/>\t\t\t\t\t\t\t\t\t\t\t\t\t\t<\/p>\n<p><strong>Caio Santos de Carvalho<\/strong><\/p>\n<p>E-mail: <br \/>Projeto: Cicloestratigrafia da por\u00e7\u00e3o sul do Cambo de Albacora &#8211; Bacia de Campos.<br \/>Orientadora: Dra.Nat\u00e1lia Braun dos Santos<\/p>\n","protected":false},"excerpt":{"rendered":"<p>Dr. Daniel Ribeiro Franco | Coordenador do LPC2M E-mail: drfranco@on.br Linhas de Pesquisa: Cicloestratigrafia, Paleomagnetismo, Mineralogia Magn\u00e9tica Dr. Andr\u00e9 Wiermann\u00a0 |\u00a0 Vice-Coordenador E-mail: andrew@on.brLinhas de Pesquisa: Geomagnetismo, Instrumenta\u00e7\u00e3o Geof\u00edsica Post-docs &#038; Pesq. Visitantes Dra. Nat\u00e1lia Braun dos Santos E-mail: nataliabraun@on.brSupervisor: Dr. Daniel Ribeiro FrancoLinhas de Pesquisa: Cicloestratigrafia, Oceanografia, Estratigrafia de Sequ\u00eancias Dra. Mariane Candido E-mail: &hellip;<\/p>\n<p class=\"read-more\"> <a class=\"\" href=\"https:\/\/lp2m-on.com.br\/en\/pessoal\/\">  Read More &raquo;<\/a><\/p>\n","protected":false},"author":2,"featured_media":0,"parent":0,"menu_order":0,"comment_status":"closed","ping_status":"closed","template":"","meta":[],"translation":{"provider":"WPGlobus","version":"2.7.3","language":"en","enabled_languages":["br","en","es"],"languages":{"br":{"title":false,"content":true,"excerpt":false},"en":{"title":false,"content":true,"excerpt":false},"es":{"title":false,"content":false,"excerpt":false}}},"_links":{"self":[{"href":"https:\/\/lp2m-on.com.br\/en\/wp-json\/wp\/v2\/pages\/24717"}],"collection":[{"href":"https:\/\/lp2m-on.com.br\/en\/wp-json\/wp\/v2\/pages"}],"about":[{"href":"https:\/\/lp2m-on.com.br\/en\/wp-json\/wp\/v2\/types\/page"}],"author":[{"embeddable":true,"href":"https:\/\/lp2m-on.com.br\/en\/wp-json\/wp\/v2\/users\/2"}],"replies":[{"embeddable":true,"href":"https:\/\/lp2m-on.com.br\/en\/wp-json\/wp\/v2\/comments?post=24717"}],"version-history":[{"count":325,"href":"https:\/\/lp2m-on.com.br\/en\/wp-json\/wp\/v2\/pages\/24717\/revisions"}],"predecessor-version":[{"id":26323,"href":"https:\/\/lp2m-on.com.br\/en\/wp-json\/wp\/v2\/pages\/24717\/revisions\/26323"}],"wp:attachment":[{"href":"https:\/\/lp2m-on.com.br\/en\/wp-json\/wp\/v2\/media?parent=24717"}],"curies":[{"name":"wp","href":"https:\/\/api.w.org\/{rel}","templated":true}]}}