{"id":24711,"date":"2022-06-06T15:29:06","date_gmt":"2022-06-06T18:29:06","guid":{"rendered":"http:\/\/lp2m-on.com.br\/?page_id=24711"},"modified":"2022-11-25T19:41:30","modified_gmt":"2022-11-25T22:41:30","slug":"disciplinas-oferecidas","status":"publish","type":"page","link":"https:\/\/lp2m-on.com.br\/en\/disciplinas-oferecidas\/","title":{"rendered":""},"content":{"rendered":"\t\t<div data-elementor-type=\"wp-page\" data-elementor-id=\"24711\" class=\"elementor elementor-24711\" data-elementor-settings=\"[]\">\n\t\t\t\t\t\t<div class=\"elementor-inner\">\n\t\t\t\t\t\t\t<div class=\"elementor-section-wrap\">\n\t\t\t\t\t\t\t<section class=\"elementor-section elementor-top-section elementor-element elementor-element-cc4a513 elementor-section-boxed elementor-section-height-default elementor-section-height-default\" data-id=\"cc4a513\" data-element_type=\"section\">\n\t\t\t\t\t\t<div class=\"elementor-container elementor-column-gap-default\">\n\t\t\t\t\t\t\t<div class=\"elementor-row\">\n\t\t\t\t\t<div class=\"elementor-column elementor-col-100 elementor-top-column elementor-element elementor-element-4ba138a\" data-id=\"4ba138a\" data-element_type=\"column\">\n\t\t\t<div class=\"elementor-column-wrap elementor-element-populated\">\n\t\t\t\t\t\t\t<div class=\"elementor-widget-wrap\">\n\t\t\t\t\t\t<div class=\"elementor-element elementor-element-3004ed6 elementor-widget elementor-widget-heading\" data-id=\"3004ed6\" data-element_type=\"widget\" data-widget_type=\"heading.default\">\n\t\t\t\t<div class=\"elementor-widget-container\">\n\t\t\t<h2 class=\"elementor-heading-title elementor-size-large\">Disciplinas oferecidas na P\u00f3s-Gradua\u00e7\u00e3o do (ON\/MCTI)<\/h2>\t\t<\/div>\n\t\t\t\t<\/div>\n\t\t\t\t\t\t<\/div>\n\t\t\t\t\t<\/div>\n\t\t<\/div>\n\t\t\t\t\t\t\t\t<\/div>\n\t\t\t\t\t<\/div>\n\t\t<\/section>\n\t\t\t\t<section class=\"elementor-section elementor-top-section elementor-element elementor-element-e935a9b elementor-section-boxed elementor-section-height-default elementor-section-height-default\" data-id=\"e935a9b\" data-element_type=\"section\">\n\t\t\t\t\t\t<div class=\"elementor-container elementor-column-gap-default\">\n\t\t\t\t\t\t\t<div class=\"elementor-row\">\n\t\t\t\t\t<div class=\"elementor-column elementor-col-100 elementor-top-column elementor-element elementor-element-96fb385\" data-id=\"96fb385\" data-element_type=\"column\">\n\t\t\t<div class=\"elementor-column-wrap elementor-element-populated\">\n\t\t\t\t\t\t\t<div class=\"elementor-widget-wrap\">\n\t\t\t\t\t\t<div class=\"elementor-element elementor-element-049414f elementor-widget-divider--view-line elementor-widget elementor-widget-divider\" data-id=\"049414f\" data-element_type=\"widget\" data-widget_type=\"divider.default\">\n\t\t\t\t<div class=\"elementor-widget-container\">\n\t\t\t\t\t<div class=\"elementor-divider\">\n\t\t\t<span class=\"elementor-divider-separator\">\n\t\t\t\t\t\t<\/span>\n\t\t<\/div>\n\t\t\t\t<\/div>\n\t\t\t\t<\/div>\n\t\t\t\t\t\t<\/div>\n\t\t\t\t\t<\/div>\n\t\t<\/div>\n\t\t\t\t\t\t\t\t<\/div>\n\t\t\t\t\t<\/div>\n\t\t<\/section>\n\t\t\t\t<section class=\"elementor-section elementor-top-section elementor-element elementor-element-7b844067 elementor-section-boxed elementor-section-height-default elementor-section-height-default\" data-id=\"7b844067\" data-element_type=\"section\">\n\t\t\t\t\t\t<div class=\"elementor-container elementor-column-gap-default\">\n\t\t\t\t\t\t\t<div class=\"elementor-row\">\n\t\t\t\t\t<div class=\"elementor-column elementor-col-100 elementor-top-column elementor-element elementor-element-267c822d\" data-id=\"267c822d\" data-element_type=\"column\">\n\t\t\t<div class=\"elementor-column-wrap elementor-element-populated\">\n\t\t\t\t\t\t\t<div class=\"elementor-widget-wrap\">\n\t\t\t\t\t\t<div class=\"elementor-element elementor-element-653b2ef6 elementor-widget elementor-widget-text-editor\" data-id=\"653b2ef6\" data-element_type=\"widget\" data-widget_type=\"text-editor.default\">\n\t\t\t\t<div class=\"elementor-widget-container\">\n\t\t\t\t\t\t\t\t<div class=\"elementor-text-editor elementor-clearfix\">\n\t\t\t\t\t<!-- wp:paragraph -->\n<p><a href=\"https:\/\/www.gov.br\/observatorio\/pt-br\/assuntos\/programas-academicos\/pos-graduacao-em-geofisica\/ementas\/fisica-da-terra\" data-type=\"URL\" data-id=\"https:\/\/www.gov.br\/observatorio\/pt-br\/assuntos\/programas-academicos\/pos-graduacao-em-geofisica\/ementas\/fisica-da-terra\">F\u00cdSICA DA TERRA<\/a> (3 cr\u00e9ditos)<\/p>\n<!-- \/wp:paragraph -->\n\n<!-- wp:paragraph -->\n<p><a href=\"https:\/\/www.gov.br\/observatorio\/pt-br\/assuntos\/programas-academicos\/pos-graduacao-em-geofisica\/ementas\/magnetoestratigrafia\" data-type=\"URL\" data-id=\"https:\/\/www.gov.br\/observatorio\/pt-br\/assuntos\/programas-academicos\/pos-graduacao-em-geofisica\/ementas\/magnetoestratigrafia\">MAGNETOESTRATIGRAFIA <\/a>(3 cr\u00e9ditos)<\/p>\n<!-- \/wp:paragraph -->\n\n<!-- wp:paragraph -->\n<p><a href=\"https:\/\/www.gov.br\/observatorio\/pt-br\/assuntos\/programas-academicos\/pos-graduacao-em-geofisica\/ementas\/principios-e-aplicacoes-do-magnetismo-ambiental\" data-type=\"URL\" data-id=\"https:\/\/www.gov.br\/observatorio\/pt-br\/assuntos\/programas-academicos\/pos-graduacao-em-geofisica\/ementas\/principios-e-aplicacoes-do-magnetismo-ambiental\">PRINC\u00cdPIOS E APLICA\u00c7\u00d5ES DO MAGNETISMO AMBIENTAL <\/a> (3 cr\u00e9ditos)<\/p>\n<!-- \/wp:paragraph -->\t\t\t\t\t<\/div>\n\t\t\t\t\t\t<\/div>\n\t\t\t\t<\/div>\n\t\t\t\t\t\t<\/div>\n\t\t\t\t\t<\/div>\n\t\t<\/div>\n\t\t\t\t\t\t\t\t<\/div>\n\t\t\t\t\t<\/div>\n\t\t<\/section>\n\t\t\t\t\t\t<\/div>\n\t\t\t\t\t\t<\/div>\n\t\t\t\t\t<\/div>\n\t\t","protected":false},"excerpt":{"rendered":"<p>Disciplinas oferecidas na P\u00f3s-Gradua\u00e7\u00e3o do (ON\/MCTI) F\u00cdSICA DA TERRA (3 cr\u00e9ditos) MAGNETOESTRATIGRAFIA (3 cr\u00e9ditos) PRINC\u00cdPIOS E APLICA\u00c7\u00d5ES DO MAGNETISMO AMBIENTAL (3 cr\u00e9ditos)<\/p>\n","protected":false},"author":2,"featured_media":0,"parent":0,"menu_order":0,"comment_status":"closed","ping_status":"closed","template":"","meta":[],"translation":{"provider":"WPGlobus","version":"2.7.3","language":"en","enabled_languages":["br","en","es"],"languages":{"br":{"title":false,"content":true,"excerpt":false},"en":{"title":false,"content":false,"excerpt":false},"es":{"title":false,"content":false,"excerpt":false}}},"_links":{"self":[{"href":"https:\/\/lp2m-on.com.br\/en\/wp-json\/wp\/v2\/pages\/24711"}],"collection":[{"href":"https:\/\/lp2m-on.com.br\/en\/wp-json\/wp\/v2\/pages"}],"about":[{"href":"https:\/\/lp2m-on.com.br\/en\/wp-json\/wp\/v2\/types\/page"}],"author":[{"embeddable":true,"href":"https:\/\/lp2m-on.com.br\/en\/wp-json\/wp\/v2\/users\/2"}],"replies":[{"embeddable":true,"href":"https:\/\/lp2m-on.com.br\/en\/wp-json\/wp\/v2\/comments?post=24711"}],"version-history":[{"count":14,"href":"https:\/\/lp2m-on.com.br\/en\/wp-json\/wp\/v2\/pages\/24711\/revisions"}],"predecessor-version":[{"id":25483,"href":"https:\/\/lp2m-on.com.br\/en\/wp-json\/wp\/v2\/pages\/24711\/revisions\/25483"}],"wp:attachment":[{"href":"https:\/\/lp2m-on.com.br\/en\/wp-json\/wp\/v2\/media?parent=24711"}],"curies":[{"name":"wp","href":"https:\/\/api.w.org\/{rel}","templated":true}]}}