{"id":24707,"date":"2022-06-06T15:25:03","date_gmt":"2022-06-06T18:25:03","guid":{"rendered":"http:\/\/lp2m-on.com.br\/?page_id=24707"},"modified":"2023-06-24T10:59:35","modified_gmt":"2023-06-24T13:59:35","slug":"galeria","status":"publish","type":"page","link":"https:\/\/lp2m-on.com.br\/en\/galeria\/","title":{"rendered":"Galeria"},"content":{"rendered":"\t\t<div data-elementor-type=\"wp-page\" data-elementor-id=\"24707\" class=\"elementor elementor-24707\" data-elementor-settings=\"[]\">\n\t\t\t\t\t\t<div class=\"elementor-inner\">\n\t\t\t\t\t\t\t<div class=\"elementor-section-wrap\">\n\t\t\t\t\t\t\t<section class=\"elementor-section elementor-top-section elementor-element elementor-element-45ed7bc elementor-section-boxed elementor-section-height-default elementor-section-height-default\" data-id=\"45ed7bc\" data-element_type=\"section\">\n\t\t\t\t\t\t<div class=\"elementor-container elementor-column-gap-default\">\n\t\t\t\t\t\t\t<div class=\"elementor-row\">\n\t\t\t\t\t<div class=\"elementor-column elementor-col-33 elementor-top-column elementor-element elementor-element-a2480a5\" data-id=\"a2480a5\" data-element_type=\"column\">\n\t\t\t<div class=\"elementor-column-wrap elementor-element-populated\">\n\t\t\t\t\t\t\t<div class=\"elementor-widget-wrap\">\n\t\t\t\t\t\t<div class=\"elementor-element elementor-element-8af8048 elementor-widget elementor-widget-image\" data-id=\"8af8048\" data-element_type=\"widget\" data-widget_type=\"image.default\">\n\t\t\t\t<div class=\"elementor-widget-container\">\n\t\t\t\t\t\t\t\t<div class=\"elementor-image\">\n\t\t\t\t\t\t\t\t\t\t\t\t<img width=\"1024\" height=\"768\" src=\"https:\/\/lp2m-on.com.br\/wp-content\/uploads\/2022\/11\/WhatsApp-Image-2022-11-21-at-11.08.18-1024x768.jpeg\" class=\"attachment-large size-large\" alt=\"\" decoding=\"async\" loading=\"lazy\" srcset=\"https:\/\/lp2m-on.com.br\/wp-content\/uploads\/2022\/11\/WhatsApp-Image-2022-11-21-at-11.08.18-1024x768.jpeg 1024w, https:\/\/lp2m-on.com.br\/wp-content\/uploads\/2022\/11\/WhatsApp-Image-2022-11-21-at-11.08.18-300x225.jpeg 300w, https:\/\/lp2m-on.com.br\/wp-content\/uploads\/2022\/11\/WhatsApp-Image-2022-11-21-at-11.08.18-768x576.jpeg 768w, https:\/\/lp2m-on.com.br\/wp-content\/uploads\/2022\/11\/WhatsApp-Image-2022-11-21-at-11.08.18-1536x1152.jpeg 1536w, https:\/\/lp2m-on.com.br\/wp-content\/uploads\/2022\/11\/WhatsApp-Image-2022-11-21-at-11.08.18.jpeg 1600w\" sizes=\"(max-width: 1024px) 100vw, 1024px\" \/>\t\t\t\t\t\t\t\t\t\t\t\t\t\t<\/div>\n\t\t\t\t\t\t<\/div>\n\t\t\t\t<\/div>\n\t\t\t\t\t\t<\/div>\n\t\t\t\t\t<\/div>\n\t\t<\/div>\n\t\t\t\t<div class=\"elementor-column elementor-col-33 elementor-top-column elementor-element elementor-element-a6e4048\" data-id=\"a6e4048\" data-element_type=\"column\">\n\t\t\t<div class=\"elementor-column-wrap elementor-element-populated\">\n\t\t\t\t\t\t\t<div class=\"elementor-widget-wrap\">\n\t\t\t\t\t\t<div class=\"elementor-element elementor-element-4dd52ae elementor-widget elementor-widget-image\" data-id=\"4dd52ae\" data-element_type=\"widget\" data-widget_type=\"image.default\">\n\t\t\t\t<div class=\"elementor-widget-container\">\n\t\t\t\t\t\t\t\t<div class=\"elementor-image\">\n\t\t\t\t\t\t\t\t\t\t\t\t<img width=\"224\" height=\"300\" src=\"https:\/\/lp2m-on.com.br\/wp-content\/uploads\/2022\/11\/WhatsApp-Image-2022-11-21-at-19.12.53-1-224x300.jpeg\" class=\"attachment-medium size-medium\" alt=\"\" decoding=\"async\" loading=\"lazy\" srcset=\"https:\/\/lp2m-on.com.br\/wp-content\/uploads\/2022\/11\/WhatsApp-Image-2022-11-21-at-19.12.53-1-224x300.jpeg 224w, https:\/\/lp2m-on.com.br\/wp-content\/uploads\/2022\/11\/WhatsApp-Image-2022-11-21-at-19.12.53-1.jpeg 766w\" sizes=\"(max-width: 224px) 100vw, 224px\" \/>\t\t\t\t\t\t\t\t\t\t\t\t\t\t<\/div>\n\t\t\t\t\t\t<\/div>\n\t\t\t\t<\/div>\n\t\t\t\t\t\t<\/div>\n\t\t\t\t\t<\/div>\n\t\t<\/div>\n\t\t\t\t<div class=\"elementor-column elementor-col-33 elementor-top-column elementor-element elementor-element-6a434cd\" data-id=\"6a434cd\" data-element_type=\"column\">\n\t\t\t<div class=\"elementor-column-wrap elementor-element-populated\">\n\t\t\t\t\t\t\t<div class=\"elementor-widget-wrap\">\n\t\t\t\t\t\t<div class=\"elementor-element elementor-element-bb30034 elementor-widget elementor-widget-image\" data-id=\"bb30034\" data-element_type=\"widget\" data-widget_type=\"image.default\">\n\t\t\t\t<div class=\"elementor-widget-container\">\n\t\t\t\t\t\t\t\t<div class=\"elementor-image\">\n\t\t\t\t\t\t\t\t\t\t\t\t<img width=\"1024\" height=\"683\" src=\"https:\/\/lp2m-on.com.br\/wp-content\/uploads\/2022\/11\/rochas-sedimentares-o-que-sao-principais-tipos-e-importancia-1024x683.jpg\" class=\"attachment-large size-large\" alt=\"\" decoding=\"async\" loading=\"lazy\" srcset=\"https:\/\/lp2m-on.com.br\/wp-content\/uploads\/2022\/11\/rochas-sedimentares-o-que-sao-principais-tipos-e-importancia-1024x683.jpg 1024w, https:\/\/lp2m-on.com.br\/wp-content\/uploads\/2022\/11\/rochas-sedimentares-o-que-sao-principais-tipos-e-importancia-300x200.jpg 300w, https:\/\/lp2m-on.com.br\/wp-content\/uploads\/2022\/11\/rochas-sedimentares-o-que-sao-principais-tipos-e-importancia-768x512.jpg 768w, https:\/\/lp2m-on.com.br\/wp-content\/uploads\/2022\/11\/rochas-sedimentares-o-que-sao-principais-tipos-e-importancia-1536x1024.jpg 1536w, https:\/\/lp2m-on.com.br\/wp-content\/uploads\/2022\/11\/rochas-sedimentares-o-que-sao-principais-tipos-e-importancia.jpg 1620w\" sizes=\"(max-width: 1024px) 100vw, 1024px\" \/>\t\t\t\t\t\t\t\t\t\t\t\t\t\t<\/div>\n\t\t\t\t\t\t<\/div>\n\t\t\t\t<\/div>\n\t\t\t\t\t\t<\/div>\n\t\t\t\t\t<\/div>\n\t\t<\/div>\n\t\t\t\t\t\t\t\t<\/div>\n\t\t\t\t\t<\/div>\n\t\t<\/section>\n\t\t\t\t<section class=\"elementor-section elementor-top-section elementor-element elementor-element-7a6746d elementor-section-boxed elementor-section-height-default elementor-section-height-default\" data-id=\"7a6746d\" data-element_type=\"section\">\n\t\t\t\t\t\t<div class=\"elementor-container elementor-column-gap-default\">\n\t\t\t\t\t\t\t<div class=\"elementor-row\">\n\t\t\t\t\t<div class=\"elementor-column elementor-col-33 elementor-top-column elementor-element elementor-element-561691f\" data-id=\"561691f\" data-element_type=\"column\">\n\t\t\t<div class=\"elementor-column-wrap elementor-element-populated\">\n\t\t\t\t\t\t\t<div class=\"elementor-widget-wrap\">\n\t\t\t\t\t\t<div class=\"elementor-element elementor-element-070819c elementor-button-info elementor-align-center elementor-widget elementor-widget-button\" data-id=\"070819c\" data-element_type=\"widget\" data-widget_type=\"button.default\">\n\t\t\t\t<div class=\"elementor-widget-container\">\n\t\t\t\t\t<div class=\"elementor-button-wrapper\">\n\t\t\t<a href=\"http:\/\/lp2m-on.com.br\/construcao-da-sala-magneticamente-blindada\/\" class=\"elementor-button-link elementor-button elementor-size-sm\" role=\"button\">\n\t\t\t\t\t\t<span class=\"elementor-button-content-wrapper\">\n\t\t\t\t\t\t<span class=\"elementor-button-text\">Constru\u00e7\u00e3o da sala magneticamente blindada<br><\/span>\n\t\t<\/span>\n\t\t\t\t\t<\/a>\n\t\t<\/div>\n\t\t\t\t<\/div>\n\t\t\t\t<\/div>\n\t\t\t\t\t\t<\/div>\n\t\t\t\t\t<\/div>\n\t\t<\/div>\n\t\t\t\t<div class=\"elementor-column elementor-col-33 elementor-top-column elementor-element elementor-element-68b6008\" data-id=\"68b6008\" data-element_type=\"column\">\n\t\t\t<div class=\"elementor-column-wrap elementor-element-populated\">\n\t\t\t\t\t\t\t<div class=\"elementor-widget-wrap\">\n\t\t\t\t\t\t<div class=\"elementor-element elementor-element-4a798f7 elementor-button-info elementor-widget elementor-widget-button\" data-id=\"4a798f7\" data-element_type=\"widget\" data-widget_type=\"button.default\">\n\t\t\t\t<div class=\"elementor-widget-container\">\n\t\t\t\t\t<div class=\"elementor-button-wrapper\">\n\t\t\t<a href=\"http:\/\/lp2m-on.com.br\/divisao-de-paleomagnetismo-e-mineralogia-magnetica-2\/\" class=\"elementor-button-link elementor-button elementor-size-sm\" role=\"button\">\n\t\t\t\t\t\t<span class=\"elementor-button-content-wrapper\">\n\t\t\t\t\t\t<span class=\"elementor-button-text\">Divis\u00e3o de Paleomagnetismo, Cicloestratigrafia e Mineralogia Magn\u00e9tica<\/span>\n\t\t<\/span>\n\t\t\t\t\t<\/a>\n\t\t<\/div>\n\t\t\t\t<\/div>\n\t\t\t\t<\/div>\n\t\t\t\t\t\t<\/div>\n\t\t\t\t\t<\/div>\n\t\t<\/div>\n\t\t\t\t<div class=\"elementor-column elementor-col-33 elementor-top-column elementor-element elementor-element-caa799e\" data-id=\"caa799e\" data-element_type=\"column\">\n\t\t\t<div class=\"elementor-column-wrap elementor-element-populated\">\n\t\t\t\t\t\t\t<div class=\"elementor-widget-wrap\">\n\t\t\t\t\t\t<div class=\"elementor-element elementor-element-e473e24 elementor-button-info elementor-align-center elementor-widget elementor-widget-button\" data-id=\"e473e24\" data-element_type=\"widget\" data-widget_type=\"button.default\">\n\t\t\t\t<div class=\"elementor-widget-container\">\n\t\t\t\t\t<div class=\"elementor-button-wrapper\">\n\t\t\t<a href=\"http:\/\/lp2m-on.com.br\/em-breve\/\" class=\"elementor-button-link elementor-button elementor-size-md\" role=\"button\">\n\t\t\t\t\t\t<span class=\"elementor-button-content-wrapper\">\n\t\t\t\t\t\t<span class=\"elementor-button-text\">Trabalhos de campo realizados (LPC2M)<\/span>\n\t\t<\/span>\n\t\t\t\t\t<\/a>\n\t\t<\/div>\n\t\t\t\t<\/div>\n\t\t\t\t<\/div>\n\t\t\t\t\t\t<\/div>\n\t\t\t\t\t<\/div>\n\t\t<\/div>\n\t\t\t\t\t\t\t\t<\/div>\n\t\t\t\t\t<\/div>\n\t\t<\/section>\n\t\t\t\t\t\t<\/div>\n\t\t\t\t\t\t<\/div>\n\t\t\t\t\t<\/div>\n\t\t","protected":false},"excerpt":{"rendered":"<p>Constru\u00e7\u00e3o da sala magneticamente blindada Divis\u00e3o de Paleomagnetismo, Cicloestratigrafia e Mineralogia Magn\u00e9tica Trabalhos de campo realizados (LPC2M)<\/p>\n","protected":false},"author":2,"featured_media":0,"parent":0,"menu_order":0,"comment_status":"closed","ping_status":"closed","template":"","meta":[],"translation":{"provider":"WPGlobus","version":"2.7.3","language":"en","enabled_languages":["br","en","es"],"languages":{"br":{"title":true,"content":true,"excerpt":false},"en":{"title":false,"content":false,"excerpt":false},"es":{"title":false,"content":false,"excerpt":false}}},"_links":{"self":[{"href":"https:\/\/lp2m-on.com.br\/en\/wp-json\/wp\/v2\/pages\/24707"}],"collection":[{"href":"https:\/\/lp2m-on.com.br\/en\/wp-json\/wp\/v2\/pages"}],"about":[{"href":"https:\/\/lp2m-on.com.br\/en\/wp-json\/wp\/v2\/types\/page"}],"author":[{"embeddable":true,"href":"https:\/\/lp2m-on.com.br\/en\/wp-json\/wp\/v2\/users\/2"}],"replies":[{"embeddable":true,"href":"https:\/\/lp2m-on.com.br\/en\/wp-json\/wp\/v2\/comments?post=24707"}],"version-history":[{"count":78,"href":"https:\/\/lp2m-on.com.br\/en\/wp-json\/wp\/v2\/pages\/24707\/revisions"}],"predecessor-version":[{"id":25788,"href":"https:\/\/lp2m-on.com.br\/en\/wp-json\/wp\/v2\/pages\/24707\/revisions\/25788"}],"wp:attachment":[{"href":"https:\/\/lp2m-on.com.br\/en\/wp-json\/wp\/v2\/media?parent=24707"}],"curies":[{"name":"wp","href":"https:\/\/api.w.org\/{rel}","templated":true}]}}