{"id":24326,"date":"2020-10-07T04:43:41","date_gmt":"2020-10-07T04:43:41","guid":{"rendered":"http:\/\/lp2m-on.com.br\/home\/"},"modified":"2023-07-03T14:09:08","modified_gmt":"2023-07-03T17:09:08","slug":"home","status":"publish","type":"page","link":"https:\/\/lp2m-on.com.br\/en\/","title":{"rendered":"Home"},"content":{"rendered":"<h2>Laborat\u00f3rio de Paleomagnetismo, Cicloestratigrafia e Mineralogia Magn\u00e9tica<\/h2>\n<ul>\n<li>\n\t\t\t\t\t\t\t\t\t\tdo Observat\u00f3rio Nacional\n\t\t\t\t\t\t\t\t\t<\/li>\n<\/ul>\n<p>O LPC2M \u00e9 um laborat\u00f3rio especializado em an\u00e1lises voltadas ao Paleomagnetismo, Magneto-cicloestratigrafia e Magnetismo Ambiental com o intuito de solucionar problemas ambientais e geol\u00f3gicos.<\/p>\n<p><a href=\"https:\/\/www.datewatches.com\/\">r\u00e9plica de rel\u00f3gios<\/a> uma boa experi\u00eancia em um determinado momento foi semelhante a.<\/p>\n<p>\t\t\t<a href=\"http:\/\/lp2m-on.com.br\/quem-somos\/\" role=\"button\"><br \/>\n\t\t\t\t\t\tSobre o laborat\u00f3rio<br \/>\n\t\t\t\t\t<\/a><\/p>\n<ul>\n<li>\n\t\t\t\t\t\t\t\t\t\tBem-vindo ao <b>LPC2M-ON<\/b>\n\t\t\t\t\t\t\t\t\t<\/li>\n<\/ul>\n<h2>Nossos objetivos <\/h2>\n<ul>\n<li>\n\t\t\t\t\t\t\t\t\t\tO LPC2M-ON tem por objetivo realizar estudos nas \u00e1reas acad\u00eamica, econ\u00f4mica e socioambiental.\n\t\t\t\t\t\t\t\t\t<\/li>\n<\/ul>\n<p>\t\t\t\t\t\t\t\t\t\t\t\t<img width=\"400\" height=\"192\" src=\"http:\/\/lp2m-on.com.br\/wp-content\/uploads\/2020\/10\/pattern.png\" alt=\"\" decoding=\"async\" loading=\"lazy\" srcset=\"http:\/\/lp2m-on.com.br\/wp-content\/uploads\/2020\/10\/pattern.png 400w, http:\/\/lp2m-on.com.br\/wp-content\/uploads\/2020\/10\/pattern-300x144.png 300w\" sizes=\"(max-width: 400px) 100vw, 400px\" \/><br \/>\n\t\t\t<a href=\"http:\/\/lp2m-on.com.br\/nossos-objetivos\/\" role=\"button\"><br \/>\n\t\t\t\t\t\tLEIA MAIS<br \/>\n\t\t\t\t\t<\/a><br \/>\n\t\t\t\t\t\t\t\t\t\t\t\t<img width=\"627\" height=\"791\" src=\"http:\/\/lp2m-on.com.br\/wp-content\/uploads\/2020\/11\/BG1.png\" alt=\"\" decoding=\"async\" loading=\"lazy\" srcset=\"http:\/\/lp2m-on.com.br\/wp-content\/uploads\/2020\/11\/BG1.png 627w, http:\/\/lp2m-on.com.br\/wp-content\/uploads\/2020\/11\/BG1-238x300.png 238w\" sizes=\"(max-width: 627px) 100vw, 627px\" \/><br \/>\n\t\t\t\t\t\t\t\t\t\t\t\t<img width=\"627\" height=\"791\" src=\"http:\/\/lp2m-on.com.br\/wp-content\/uploads\/2020\/11\/bg2.png\" alt=\"\" decoding=\"async\" loading=\"lazy\" srcset=\"http:\/\/lp2m-on.com.br\/wp-content\/uploads\/2020\/11\/bg2.png 627w, http:\/\/lp2m-on.com.br\/wp-content\/uploads\/2020\/11\/bg2-238x300.png 238w\" sizes=\"(max-width: 627px) 100vw, 627px\" \/>\t\t\t\t\t\t\t\t\t\t\t\t\t\t<\/p>\n<h3>Clientes e Parceiros<\/h3>\n<p>\t\t\t\t\t\t\t\t\t\t\t\t<img width=\"257\" height=\"127\" src=\"http:\/\/lp2m-on.com.br\/wp-content\/uploads\/2020\/10\/faperj.png\" alt=\"\" decoding=\"async\" loading=\"lazy\" \/><br \/>\n\t\t\t\t\t\t\t\t\t\t\t\t<img width=\"567\" height=\"263\" src=\"http:\/\/lp2m-on.com.br\/wp-content\/uploads\/2020\/10\/finep.png\" alt=\"\" decoding=\"async\" loading=\"lazy\" srcset=\"http:\/\/lp2m-on.com.br\/wp-content\/uploads\/2020\/10\/finep.png 567w, http:\/\/lp2m-on.com.br\/wp-content\/uploads\/2020\/10\/finep-300x139.png 300w\" sizes=\"(max-width: 567px) 100vw, 567px\" \/><br \/>\n\t\t\t\t\t\t\t\t\t\t\t\t<img width=\"842\" height=\"498\" src=\"http:\/\/lp2m-on.com.br\/wp-content\/uploads\/2020\/10\/petrobras.gif\" alt=\"\" decoding=\"async\" loading=\"lazy\" \/><br \/>\n\t\t\t\t\t\t\t\t\t\t\t\t<img width=\"468\" height=\"218\" src=\"http:\/\/lp2m-on.com.br\/wp-content\/uploads\/2020\/10\/on.png\" alt=\"\" decoding=\"async\" loading=\"lazy\" srcset=\"http:\/\/lp2m-on.com.br\/wp-content\/uploads\/2020\/10\/on.png 468w, http:\/\/lp2m-on.com.br\/wp-content\/uploads\/2020\/10\/on-300x140.png 300w\" sizes=\"(max-width: 468px) 100vw, 468px\" \/><br \/>\n\t\t\t\t\t\t\t\t\t\t\t\t<img width=\"512\" height=\"98\" src=\"http:\/\/lp2m-on.com.br\/wp-content\/uploads\/2020\/10\/mcti.png\" alt=\"\" decoding=\"async\" loading=\"lazy\" srcset=\"http:\/\/lp2m-on.com.br\/wp-content\/uploads\/2020\/10\/mcti.png 512w, http:\/\/lp2m-on.com.br\/wp-content\/uploads\/2020\/10\/mcti-300x57.png 300w\" sizes=\"(max-width: 512px) 100vw, 512px\" \/><br \/>\n\t\t\t\t0<br \/>\n\t\t\t\t\t\t<i>&#9733;<\/i><i>&#9733;<\/i><i>&#9733;<\/i><i>&#9733;<\/i><i>&#9733;<\/i> 5\/5<br \/>\n\t\t\t2,394 Ratings<br \/>\n\t\t\tGoogle Reviews<br \/>\n\t\t\tA+<br \/>\n\t\t\t\t\t\t<i>&#9733;<\/i><i>&#9733;<\/i><i>&#9733;<\/i><i>&#9733;<\/i><i>&#9733;<\/i> 5\/5<br \/>\n\t\t\t125 Student Reviews<br \/>\n\t\t\tBBB Rating\t\t<\/p>\n<h3>Trusted by over 7000 Health Seekers, Worldwide. Since 2005.<\/h3>\n<h4>Jessica Simon<\/h4>\n<p>\t\tI have been following this routine and became healthier by doing lorem ipsum proin gravida nibh vel velit auctor aliquet aenean.<br \/>\n\t\t\t\t\t\t\t\t\t\t\t\t<img width=\"250\" height=\"250\" src=\"http:\/\/lp2m-on.com.br\/wp-content\/uploads\/2020\/10\/customer-review.jpg\" alt=\"\" decoding=\"async\" loading=\"lazy\" srcset=\"http:\/\/lp2m-on.com.br\/wp-content\/uploads\/2020\/10\/customer-review.jpg 250w, http:\/\/lp2m-on.com.br\/wp-content\/uploads\/2020\/10\/customer-review-150x150.jpg 150w\" sizes=\"(max-width: 250px) 100vw, 250px\" \/><br \/>\n\t\t\teventos E\t\t<\/p>\n<h2>Not\u00edcias<\/h2>\n\t\t<div class=\"wppsac-wrap wppsac-slick-carousel-wrp wppsac-clearfix \" data-conf=\"{&quot;slides_to_show&quot;:3,&quot;slides_to_scroll&quot;:1,&quot;dots&quot;:&quot;false&quot;,&quot;arrows&quot;:&quot;true&quot;,&quot;autoplay&quot;:&quot;true&quot;,&quot;autoplay_interval&quot;:3000,&quot;speed&quot;:500,&quot;rtl&quot;:&quot;false&quot;,&quot;lazyload&quot;:&quot;&quot;}\">\r\n\t\t\t<div id=\"wppsac-post-carousel-1\" class=\"wppsac-post-slider-init wppsac-post-carousel design-1\">\r\n\t\t\t\t<div class=\"wppsac-carousel-slides\">\r\n\t\t<div class=\"wppsac-post-image-bg\">\r\n\t\t<a href=\"https:\/\/lp2m-on.com.br\/en\/2023\/08\/31\/on-inaugura-laboratorio-que-investigara-passado-geologico-profundo-da-terra\/\">\r\n\t\t\t<img class=\"wppsac-post-image\"  src=\"https:\/\/lp2m-on.com.br\/wp-content\/uploads\/2023\/08\/c60e9a47-fdb0-47f6-a423-a629fb1fe367.png\" alt=\"ON inaugura laborat\u00f3rio que investigar\u00e1 passado geol\u00f3gico profundo da Terra\" \/>\r\n\t\t<\/a>\r\n\t<\/div>\r\n\t\r\n\t<div class=\"wppsac-post-content-position\">\r\n\t\t\r\n\t\t<h2 class=\"wppsac-post-title\">\r\n\t\t\t<a href=\"https:\/\/lp2m-on.com.br\/en\/2023\/08\/31\/on-inaugura-laboratorio-que-investigara-passado-geologico-profundo-da-terra\/\">ON inaugura laborat\u00f3rio que investigar\u00e1 passado geol\u00f3gico profundo da Terra<\/a>\r\n\t\t<\/h2>\r\n\r\n\t\t\t\t<div class=\"wppsac-post-date\">\r\n\t\t\t31 de August de 2023\t\t<\/div>\r\n\t\t\t<\/div>\r\n<\/div><div class=\"wppsac-carousel-slides\">\r\n\t\t<div class=\"wppsac-post-image-bg\">\r\n\t\t<a href=\"https:\/\/lp2m-on.com.br\/en\/2023\/08\/31\/laboratorio-de-paleomagnetismo-do-on-recebe-r-477-milhoes-em-financiamento-da-finep\/\">\r\n\t\t\t<img class=\"wppsac-post-image\"  src=\"https:\/\/lp2m-on.com.br\/wp-content\/uploads\/2023\/08\/9c0e772e-2f8a-4f1d-a750-833abf1dc63c.jpeg\" alt=\"Laborat\u00f3rio de Paleomagnetismo do ON recebe R$ 4,77 milh\u00f5es em financiamento da Finep\" \/>\r\n\t\t<\/a>\r\n\t<\/div>\r\n\t\r\n\t<div class=\"wppsac-post-content-position\">\r\n\t\t\r\n\t\t<h2 class=\"wppsac-post-title\">\r\n\t\t\t<a href=\"https:\/\/lp2m-on.com.br\/en\/2023\/08\/31\/laboratorio-de-paleomagnetismo-do-on-recebe-r-477-milhoes-em-financiamento-da-finep\/\">Laborat\u00f3rio de Paleomagnetismo do ON recebe R$ 4,77 milh\u00f5es em financiamento da Finep<\/a>\r\n\t\t<\/h2>\r\n\r\n\t\t\t\t<div class=\"wppsac-post-date\">\r\n\t\t\t31 de August de 2023\t\t<\/div>\r\n\t\t\t<\/div>\r\n<\/div><div class=\"wppsac-carousel-slides\">\r\n\t\t<div class=\"wppsac-post-image-bg\">\r\n\t\t<a href=\"https:\/\/lp2m-on.com.br\/en\/2023\/08\/31\/equipe-de-geofisica-do-on-firma-acordo-com-a-petrobras-para-estudos-cicloestratigraficos-das-bacias-de-campos-e-de-santos\/\">\r\n\t\t\t<img class=\"wppsac-post-image\"  src=\"https:\/\/lp2m-on.com.br\/wp-content\/uploads\/2023\/08\/a663c6df-15b6-4971-b917-a157cedb6d5e.png\" alt=\"Equipe de Geof\u00edsica do ON firma acordo com a Petrobras para estudos cicloestratigr\u00e1ficos das Bacias de Campos e de Santos\" \/>\r\n\t\t<\/a>\r\n\t<\/div>\r\n\t\r\n\t<div class=\"wppsac-post-content-position\">\r\n\t\t\r\n\t\t<h2 class=\"wppsac-post-title\">\r\n\t\t\t<a href=\"https:\/\/lp2m-on.com.br\/en\/2023\/08\/31\/equipe-de-geofisica-do-on-firma-acordo-com-a-petrobras-para-estudos-cicloestratigraficos-das-bacias-de-campos-e-de-santos\/\">Equipe de Geof\u00edsica do ON firma acordo com a Petrobras para estudos cicloestratigr\u00e1ficos das Bacias de Campos e de Santos<\/a>\r\n\t\t<\/h2>\r\n\r\n\t\t\t\t<div class=\"wppsac-post-date\">\r\n\t\t\t31 de August de 2023\t\t<\/div>\r\n\t\t\t<\/div>\r\n<\/div><div class=\"wppsac-carousel-slides\">\r\n\t\t<div class=\"wppsac-post-image-bg\">\r\n\t\t<a href=\"https:\/\/lp2m-on.com.br\/en\/2023\/08\/31\/observatorio-nacional-inaugura-laboratorio-de-paleomagnetismo-cicloestratigrafia-e-mineralogia-magnetica-com-presenca-da-ministra-do-mcti\/\">\r\n\t\t\t<img class=\"wppsac-post-image\"  src=\"https:\/\/lp2m-on.com.br\/wp-content\/uploads\/2023\/08\/34591090-9065-441f-919b-387ed4d8c9fe.png\" alt=\"Observat\u00f3rio Nacional inaugura Laborat\u00f3rio de Paleomagnetismo, Cicloestratigrafia e Mineralogia Magn\u00e9tica com presen\u00e7a da Ministra do MCTI\" \/>\r\n\t\t<\/a>\r\n\t<\/div>\r\n\t\r\n\t<div class=\"wppsac-post-content-position\">\r\n\t\t\r\n\t\t<h2 class=\"wppsac-post-title\">\r\n\t\t\t<a href=\"https:\/\/lp2m-on.com.br\/en\/2023\/08\/31\/observatorio-nacional-inaugura-laboratorio-de-paleomagnetismo-cicloestratigrafia-e-mineralogia-magnetica-com-presenca-da-ministra-do-mcti\/\">Observat\u00f3rio Nacional inaugura Laborat\u00f3rio de Paleomagnetismo, Cicloestratigrafia e Mineralogia Magn\u00e9tica com presen\u00e7a da Ministra do MCTI<\/a>\r\n\t\t<\/h2>\r\n\r\n\t\t\t\t<div class=\"wppsac-post-date\">\r\n\t\t\t31 de August de 2023\t\t<\/div>\r\n\t\t\t<\/div>\r\n<\/div><div class=\"wppsac-carousel-slides\">\r\n\t\t<div class=\"wppsac-post-image-bg\">\r\n\t\t<a href=\"https:\/\/lp2m-on.com.br\/en\/2022\/12\/28\/pesquisador-do-on-mcti-recebe-premio-anp-de-inovacao-tecnologica-2022\/\">\r\n\t\t\t<img class=\"wppsac-post-image\"  src=\"https:\/\/lp2m-on.com.br\/wp-content\/uploads\/2022\/12\/49b4c8a3-d8ba-418e-93a1-66aad9a0716d-1.png\" alt=\"Pesquisador do ON\/MCTI recebe Pr\u00eamio ANP de Inova\u00e7\u00e3o Tecnol\u00f3gica 2022\" \/>\r\n\t\t<\/a>\r\n\t<\/div>\r\n\t\r\n\t<div class=\"wppsac-post-content-position\">\r\n\t\t\r\n\t\t<h2 class=\"wppsac-post-title\">\r\n\t\t\t<a href=\"https:\/\/lp2m-on.com.br\/en\/2022\/12\/28\/pesquisador-do-on-mcti-recebe-premio-anp-de-inovacao-tecnologica-2022\/\">Pesquisador do ON\/MCTI recebe Pr\u00eamio ANP de Inova\u00e7\u00e3o Tecnol\u00f3gica 2022<\/a>\r\n\t\t<\/h2>\r\n\r\n\t\t\t\t<div class=\"wppsac-post-date\">\r\n\t\t\t28 de December de 2022\t\t<\/div>\r\n\t\t\t<\/div>\r\n<\/div><div class=\"wppsac-carousel-slides\">\r\n\t\t<div class=\"wppsac-post-image-bg\">\r\n\t\t<a href=\"https:\/\/lp2m-on.com.br\/en\/2022\/06\/07\/pesquisador-do-on-mcti-participa-de-estudo-que-revisa-escala-de-tempo-geologica-do-cretaceo-atraves-de-ciclos-astronomicos\/\">\r\n\t\t\t<img class=\"wppsac-post-image\"  src=\"https:\/\/lp2m-on.com.br\/wp-content\/uploads\/2022\/06\/9cc536c2-3dba-4cad-8744-2744ac1b847a.jpeg\" alt=\"Pesquisador do ON\/MCTI participa de estudo que revisa escala de tempo geol\u00f3gica do Cret\u00e1ceo atrav\u00e9s de ciclos astron\u00f4micos\" \/>\r\n\t\t<\/a>\r\n\t<\/div>\r\n\t\r\n\t<div class=\"wppsac-post-content-position\">\r\n\t\t\r\n\t\t<h2 class=\"wppsac-post-title\">\r\n\t\t\t<a href=\"https:\/\/lp2m-on.com.br\/en\/2022\/06\/07\/pesquisador-do-on-mcti-participa-de-estudo-que-revisa-escala-de-tempo-geologica-do-cretaceo-atraves-de-ciclos-astronomicos\/\">Pesquisador do ON\/MCTI participa de estudo que revisa escala de tempo geol\u00f3gica do Cret\u00e1ceo atrav\u00e9s de ciclos astron\u00f4micos<\/a>\r\n\t\t<\/h2>\r\n\r\n\t\t\t\t<div class=\"wppsac-post-date\">\r\n\t\t\t7 de June de 2022\t\t<\/div>\r\n\t\t\t<\/div>\r\n<\/div><div class=\"wppsac-carousel-slides\">\r\n\t\t<div class=\"wppsac-post-image-bg\">\r\n\t\t<a href=\"https:\/\/lp2m-on.com.br\/en\/2022\/06\/07\/on-investiga-historia-e-dinamica-da-terra-atraves-de-sedimentos-marinhos\/\">\r\n\t\t\t<img class=\"wppsac-post-image\"  src=\"https:\/\/lp2m-on.com.br\/wp-content\/uploads\/2022\/06\/b444eb7a-a56e-4b2a-96ac-2f8e8faca9c7-1.png\" alt=\"ON investiga hist\u00f3ria e din\u00e2mica da Terra atrav\u00e9s de sedimentos marinhos\" \/>\r\n\t\t<\/a>\r\n\t<\/div>\r\n\t\r\n\t<div class=\"wppsac-post-content-position\">\r\n\t\t\r\n\t\t<h2 class=\"wppsac-post-title\">\r\n\t\t\t<a href=\"https:\/\/lp2m-on.com.br\/en\/2022\/06\/07\/on-investiga-historia-e-dinamica-da-terra-atraves-de-sedimentos-marinhos\/\">ON investiga hist\u00f3ria e din\u00e2mica da Terra atrav\u00e9s de sedimentos marinhos<\/a>\r\n\t\t<\/h2>\r\n\r\n\t\t\t\t<div class=\"wppsac-post-date\">\r\n\t\t\t7 de June de 2022\t\t<\/div>\r\n\t\t\t<\/div>\r\n<\/div><div class=\"wppsac-carousel-slides\">\r\n\t\t<div class=\"wppsac-post-image-bg\">\r\n\t\t<a href=\"https:\/\/lp2m-on.com.br\/en\/2022\/06\/07\/registros-geologicos-deixam-pistas-sobre-variacoes-climaticas-ao-longo-da-historia\/\">\r\n\t\t\t<img class=\"wppsac-post-image\"  src=\"https:\/\/lp2m-on.com.br\/wp-content\/uploads\/2022\/06\/1302f235-8770-4442-8f3f-0744160e1594.jpeg\" alt=\"Registros geol\u00f3gicos deixam pistas sobre varia\u00e7\u00f5es clim\u00e1ticas ao longo da hist\u00f3ria\" \/>\r\n\t\t<\/a>\r\n\t<\/div>\r\n\t\r\n\t<div class=\"wppsac-post-content-position\">\r\n\t\t\r\n\t\t<h2 class=\"wppsac-post-title\">\r\n\t\t\t<a href=\"https:\/\/lp2m-on.com.br\/en\/2022\/06\/07\/registros-geologicos-deixam-pistas-sobre-variacoes-climaticas-ao-longo-da-historia\/\">Registros geol\u00f3gicos deixam pistas sobre varia\u00e7\u00f5es clim\u00e1ticas ao longo da hist\u00f3ria<\/a>\r\n\t\t<\/h2>\r\n\r\n\t\t\t\t<div class=\"wppsac-post-date\">\r\n\t\t\t7 de June de 2022\t\t<\/div>\r\n\t\t\t<\/div>\r\n<\/div><div class=\"wppsac-carousel-slides\">\r\n\t\t<div class=\"wppsac-post-image-bg\">\r\n\t\t<a href=\"https:\/\/lp2m-on.com.br\/en\/2022\/06\/07\/mudancas-climaticas-no-passado-geologico\/\">\r\n\t\t\t<img class=\"wppsac-post-image\"  src=\"https:\/\/lp2m-on.com.br\/wp-content\/uploads\/2022\/06\/cf84c240-3d0d-4dd7-aecd-47ef10fee36f.jpeg\" alt=\"Mudan\u00e7as clim\u00e1ticas no passado geol\u00f3gico\" \/>\r\n\t\t<\/a>\r\n\t<\/div>\r\n\t\r\n\t<div class=\"wppsac-post-content-position\">\r\n\t\t\r\n\t\t<h2 class=\"wppsac-post-title\">\r\n\t\t\t<a href=\"https:\/\/lp2m-on.com.br\/en\/2022\/06\/07\/mudancas-climaticas-no-passado-geologico\/\">Mudan\u00e7as clim\u00e1ticas no passado geol\u00f3gico<\/a>\r\n\t\t<\/h2>\r\n\r\n\t\t\t\t<div class=\"wppsac-post-date\">\r\n\t\t\t7 de June de 2022\t\t<\/div>\r\n\t\t\t<\/div>\r\n<\/div><div class=\"wppsac-carousel-slides\">\r\n\t\t<div class=\"wppsac-post-image-bg\">\r\n\t\t<a href=\"https:\/\/lp2m-on.com.br\/en\/2022\/06\/07\/registros-magneticos-historicos-de-quase-100-anos-sao-preservados-e-digitalizados-pela-primeira-vez\/\">\r\n\t\t\t<img class=\"wppsac-post-image\"  src=\"https:\/\/lp2m-on.com.br\/wp-content\/uploads\/2022\/06\/66a9980a-06ea-44ce-9015-622ac8c6157c.png\" alt=\"Registros magn\u00e9ticos hist\u00f3ricos de quase 100 anos s\u00e3o preservados e digitalizados pela primeira vez\" \/>\r\n\t\t<\/a>\r\n\t<\/div>\r\n\t\r\n\t<div class=\"wppsac-post-content-position\">\r\n\t\t\r\n\t\t<h2 class=\"wppsac-post-title\">\r\n\t\t\t<a href=\"https:\/\/lp2m-on.com.br\/en\/2022\/06\/07\/registros-magneticos-historicos-de-quase-100-anos-sao-preservados-e-digitalizados-pela-primeira-vez\/\">Registros magn\u00e9ticos hist\u00f3ricos de quase 100 anos s\u00e3o preservados e digitalizados pela primeira vez<\/a>\r\n\t\t<\/h2>\r\n\r\n\t\t\t\t<div class=\"wppsac-post-date\">\r\n\t\t\t7 de June de 2022\t\t<\/div>\r\n\t\t\t<\/div>\r\n<\/div>\t\t\t<\/div>\r\n\t\t<\/div>\r\n\t\n<h2>Contato: +55 21 3504-9293<br \/>\n<\/h2>\n<h3>Endere\u00e7o:<\/h3>\n<ul>\n<li>\n\t\t\t\t\t\t\t\t\t\tRua General Jos\u00e9 Cristino, 77 Bairro Imperial &#8211; S\u00e3o Crist\u00f3v\u00e3o &#8211; Rio de Janeiro &#8211; RJ CEP: 20921-400 <br \/>e-mail: lp2m@on.br\n\t\t\t\t\t\t\t\t\t<\/li>\n<\/ul>\n<p>Hor\u00e1rio de Funcionamento: 8:00h as 17:00h.<\/p>\n<p>\t\t\t\t\t<a><br \/>\n\t\t\t\t\t\tFacebook<br \/>\n\t\t\t\t\t\t\t\t\t\t\t<\/a><br \/>\n\t\t\t\t\t<a><br \/>\n\t\t\t\t\t\tTwitter<br \/>\n\t\t\t\t\t\t\t\t\t\t\t<\/a><br \/>\n\t\t\t\t\t<a><br \/>\n\t\t\t\t\t\tYoutube<br \/>\n\t\t\t\t\t\t\t\t\t\t\t<\/a><br \/>\n\t\t\t\t\t<a><br \/>\n\t\t\t\t\t\tPinterest<br \/>\n\t\t\t\t\t\t\t\t\t\t\t<\/a><br \/>\n\t\t\t<iframe frameborder=\"0\" scrolling=\"no\" marginheight=\"0\" marginwidth=\"0\" src=\"https:\/\/maps.google.com\/maps?q=Rua%20General%20Jos%C3%A9%20Cristino%2C%2077%20Bairro%20Imperial%20-%20S%C3%A3o%20Crist%C3%B3v%C3%A3o%20-%20Rio%20de%20Janeiro%20-%20RJ&amp;t=m&amp;z=16&amp;output=embed&amp;iwloc=near\" title=\"Rua General Jos\u00e9 Cristino, 77 Bairro Imperial - S\u00e3o Crist\u00f3v\u00e3o - Rio de Janeiro - RJ\" aria-label=\"Rua General Jos\u00e9 Cristino, 77 Bairro Imperial - S\u00e3o Crist\u00f3v\u00e3o - Rio de Janeiro - RJ\"><\/iframe><\/p>\n","protected":false},"excerpt":{"rendered":"<p>Laborat\u00f3rio de Paleomagnetismo, Cicloestratigrafia e Mineralogia Magn\u00e9tica do Observat\u00f3rio Nacional O LPC2M \u00e9 um laborat\u00f3rio especializado em an\u00e1lises voltadas ao Paleomagnetismo, Magneto-cicloestratigrafia e Magnetismo Ambiental com o intuito de solucionar problemas ambientais e geol\u00f3gicos. r\u00e9plica de rel\u00f3gios uma boa experi\u00eancia em um determinado momento foi semelhante a. Sobre o laborat\u00f3rio Bem-vindo ao LPC2M-ON Nossos objetivos &hellip;<\/p>\n<p class=\"read-more\"> <a class=\"\" href=\"https:\/\/lp2m-on.com.br\/en\/2022\/06\/07\/registros-magneticos-historicos-de-quase-100-anos-sao-preservados-e-digitalizados-pela-primeira-vez\/\"> <span class=\"screen-reader-text\">Registros magn\u00e9ticos hist\u00f3ricos de quase 100 anos s\u00e3o preservados e digitalizados pela primeira vez<\/span> Read More &raquo;<\/a><\/p>\n","protected":false},"author":1,"featured_media":0,"parent":0,"menu_order":0,"comment_status":"closed","ping_status":"closed","template":"","meta":[],"translation":{"provider":"WPGlobus","version":"2.7.3","language":"en","enabled_languages":["br","en","es"],"languages":{"br":{"title":true,"content":true,"excerpt":false},"en":{"title":true,"content":true,"excerpt":false},"es":{"title":false,"content":false,"excerpt":false}}},"_links":{"self":[{"href":"https:\/\/lp2m-on.com.br\/en\/wp-json\/wp\/v2\/pages\/24326"}],"collection":[{"href":"https:\/\/lp2m-on.com.br\/en\/wp-json\/wp\/v2\/pages"}],"about":[{"href":"https:\/\/lp2m-on.com.br\/en\/wp-json\/wp\/v2\/types\/page"}],"author":[{"embeddable":true,"href":"https:\/\/lp2m-on.com.br\/en\/wp-json\/wp\/v2\/users\/1"}],"replies":[{"embeddable":true,"href":"https:\/\/lp2m-on.com.br\/en\/wp-json\/wp\/v2\/comments?post=24326"}],"version-history":[{"count":194,"href":"https:\/\/lp2m-on.com.br\/en\/wp-json\/wp\/v2\/pages\/24326\/revisions"}],"predecessor-version":[{"id":25821,"href":"https:\/\/lp2m-on.com.br\/en\/wp-json\/wp\/v2\/pages\/24326\/revisions\/25821"}],"wp:attachment":[{"href":"https:\/\/lp2m-on.com.br\/en\/wp-json\/wp\/v2\/media?parent=24326"}],"curies":[{"name":"wp","href":"https:\/\/api.w.org\/{rel}","templated":true}]}}