{"id":25297,"date":"2022-11-25T18:15:49","date_gmt":"2022-11-25T21:15:49","guid":{"rendered":"http:\/\/lp2m-on.com.br\/?page_id=25297"},"modified":"2023-06-24T11:01:27","modified_gmt":"2023-06-24T14:01:27","slug":"construcao-da-sala-magneticamente-blindada","status":"publish","type":"page","link":"http:\/\/lp2m-on.com.br\/es\/construcao-da-sala-magneticamente-blindada\/","title":{"rendered":"Constru\u00e7\u00e3o da sala magneticamente blindada"},"content":{"rendered":"\t\t<div data-elementor-type=\"wp-page\" data-elementor-id=\"25297\" class=\"elementor elementor-25297\" data-elementor-settings=\"[]\">\n\t\t\t\t\t\t<div class=\"elementor-inner\">\n\t\t\t\t\t\t\t<div class=\"elementor-section-wrap\">\n\t\t\t\t\t\t\t<section class=\"elementor-section elementor-top-section elementor-element elementor-element-40ac594 elementor-section-boxed elementor-section-height-default elementor-section-height-default\" data-id=\"40ac594\" data-element_type=\"section\">\n\t\t\t\t\t\t<div class=\"elementor-container elementor-column-gap-default\">\n\t\t\t\t\t\t\t<div class=\"elementor-row\">\n\t\t\t\t\t<div class=\"elementor-column elementor-col-100 elementor-top-column elementor-element elementor-element-95fbd82\" data-id=\"95fbd82\" data-element_type=\"column\">\n\t\t\t<div class=\"elementor-column-wrap elementor-element-populated\">\n\t\t\t\t\t\t\t<div class=\"elementor-widget-wrap\">\n\t\t\t\t\t\t<div class=\"elementor-element elementor-element-5eb40b1 elementor-widget elementor-widget-heading\" data-id=\"5eb40b1\" data-element_type=\"widget\" data-widget_type=\"heading.default\">\n\t\t\t\t<div class=\"elementor-widget-container\">\n\t\t\t<h2 class=\"elementor-heading-title elementor-size-large\">Constru\u00e7\u00e3o da sala magneticamente blindada<\/h2>\t\t<\/div>\n\t\t\t\t<\/div>\n\t\t\t\t\t\t<\/div>\n\t\t\t\t\t<\/div>\n\t\t<\/div>\n\t\t\t\t\t\t\t\t<\/div>\n\t\t\t\t\t<\/div>\n\t\t<\/section>\n\t\t\t\t<section class=\"elementor-section elementor-top-section elementor-element elementor-element-475056f elementor-section-boxed elementor-section-height-default elementor-section-height-default\" data-id=\"475056f\" data-element_type=\"section\">\n\t\t\t\t\t\t<div class=\"elementor-container elementor-column-gap-default\">\n\t\t\t\t\t\t\t<div class=\"elementor-row\">\n\t\t\t\t\t<div class=\"elementor-column elementor-col-33 elementor-top-column elementor-element elementor-element-18012bc\" data-id=\"18012bc\" data-element_type=\"column\">\n\t\t\t<div class=\"elementor-column-wrap elementor-element-populated\">\n\t\t\t\t\t\t\t<div class=\"elementor-widget-wrap\">\n\t\t\t\t\t\t<div class=\"elementor-element elementor-element-5cd1ece elementor-widget elementor-widget-image\" data-id=\"5cd1ece\" data-element_type=\"widget\" data-widget_type=\"image.default\">\n\t\t\t\t<div class=\"elementor-widget-container\">\n\t\t\t\t\t\t\t\t<div class=\"elementor-image\">\n\t\t\t\t\t\t\t\t\t\t\t\t<img width=\"1024\" height=\"768\" src=\"http:\/\/lp2m-on.com.br\/wp-content\/uploads\/2022\/11\/WhatsApp-Image-2020-12-15-at-16.25.08-1-1-1024x768.jpeg\" class=\"attachment-large size-large\" alt=\"\" decoding=\"async\" loading=\"lazy\" srcset=\"http:\/\/lp2m-on.com.br\/wp-content\/uploads\/2022\/11\/WhatsApp-Image-2020-12-15-at-16.25.08-1-1-1024x768.jpeg 1024w, http:\/\/lp2m-on.com.br\/wp-content\/uploads\/2022\/11\/WhatsApp-Image-2020-12-15-at-16.25.08-1-1-300x225.jpeg 300w, http:\/\/lp2m-on.com.br\/wp-content\/uploads\/2022\/11\/WhatsApp-Image-2020-12-15-at-16.25.08-1-1-768x576.jpeg 768w, http:\/\/lp2m-on.com.br\/wp-content\/uploads\/2022\/11\/WhatsApp-Image-2020-12-15-at-16.25.08-1-1.jpeg 1152w\" sizes=\"(max-width: 1024px) 100vw, 1024px\" \/>\t\t\t\t\t\t\t\t\t\t\t\t\t\t<\/div>\n\t\t\t\t\t\t<\/div>\n\t\t\t\t<\/div>\n\t\t\t\t\t\t<\/div>\n\t\t\t\t\t<\/div>\n\t\t<\/div>\n\t\t\t\t<div class=\"elementor-column elementor-col-33 elementor-top-column elementor-element elementor-element-23e80af\" data-id=\"23e80af\" data-element_type=\"column\">\n\t\t\t<div class=\"elementor-column-wrap elementor-element-populated\">\n\t\t\t\t\t\t\t<div class=\"elementor-widget-wrap\">\n\t\t\t\t\t\t<div class=\"elementor-element elementor-element-84e3ad0 elementor-widget elementor-widget-image\" data-id=\"84e3ad0\" data-element_type=\"widget\" data-widget_type=\"image.default\">\n\t\t\t\t<div class=\"elementor-widget-container\">\n\t\t\t\t\t\t\t\t<div class=\"elementor-image\">\n\t\t\t\t\t\t\t\t\t\t\t\t<img width=\"1024\" height=\"768\" src=\"http:\/\/lp2m-on.com.br\/wp-content\/uploads\/2022\/11\/WhatsApp-Image-2020-12-15-at-16.25.06-1024x768.jpeg\" class=\"attachment-large size-large\" alt=\"\" decoding=\"async\" loading=\"lazy\" srcset=\"http:\/\/lp2m-on.com.br\/wp-content\/uploads\/2022\/11\/WhatsApp-Image-2020-12-15-at-16.25.06-1024x768.jpeg 1024w, http:\/\/lp2m-on.com.br\/wp-content\/uploads\/2022\/11\/WhatsApp-Image-2020-12-15-at-16.25.06-300x225.jpeg 300w, http:\/\/lp2m-on.com.br\/wp-content\/uploads\/2022\/11\/WhatsApp-Image-2020-12-15-at-16.25.06-768x576.jpeg 768w, http:\/\/lp2m-on.com.br\/wp-content\/uploads\/2022\/11\/WhatsApp-Image-2020-12-15-at-16.25.06.jpeg 1152w\" sizes=\"(max-width: 1024px) 100vw, 1024px\" \/>\t\t\t\t\t\t\t\t\t\t\t\t\t\t<\/div>\n\t\t\t\t\t\t<\/div>\n\t\t\t\t<\/div>\n\t\t\t\t\t\t<\/div>\n\t\t\t\t\t<\/div>\n\t\t<\/div>\n\t\t\t\t<div class=\"elementor-column elementor-col-33 elementor-top-column elementor-element elementor-element-c564c5f\" data-id=\"c564c5f\" data-element_type=\"column\">\n\t\t\t<div class=\"elementor-column-wrap elementor-element-populated\">\n\t\t\t\t\t\t\t<div class=\"elementor-widget-wrap\">\n\t\t\t\t\t\t<div class=\"elementor-element elementor-element-f7eea60 elementor-widget elementor-widget-image\" data-id=\"f7eea60\" data-element_type=\"widget\" data-widget_type=\"image.default\">\n\t\t\t\t<div class=\"elementor-widget-container\">\n\t\t\t\t\t\t\t\t<div class=\"elementor-image\">\n\t\t\t\t\t\t\t\t\t\t\t\t<img width=\"1024\" height=\"498\" src=\"http:\/\/lp2m-on.com.br\/wp-content\/uploads\/2022\/11\/20201221_095559-2-1024x498.jpg\" class=\"attachment-large size-large\" alt=\"\" decoding=\"async\" loading=\"lazy\" srcset=\"http:\/\/lp2m-on.com.br\/wp-content\/uploads\/2022\/11\/20201221_095559-2-1024x498.jpg 1024w, http:\/\/lp2m-on.com.br\/wp-content\/uploads\/2022\/11\/20201221_095559-2-300x146.jpg 300w, http:\/\/lp2m-on.com.br\/wp-content\/uploads\/2022\/11\/20201221_095559-2-768x373.jpg 768w, http:\/\/lp2m-on.com.br\/wp-content\/uploads\/2022\/11\/20201221_095559-2-1536x747.jpg 1536w, http:\/\/lp2m-on.com.br\/wp-content\/uploads\/2022\/11\/20201221_095559-2-2048x996.jpg 2048w\" sizes=\"(max-width: 1024px) 100vw, 1024px\" \/>\t\t\t\t\t\t\t\t\t\t\t\t\t\t<\/div>\n\t\t\t\t\t\t<\/div>\n\t\t\t\t<\/div>\n\t\t\t\t\t\t<\/div>\n\t\t\t\t\t<\/div>\n\t\t<\/div>\n\t\t\t\t\t\t\t\t<\/div>\n\t\t\t\t\t<\/div>\n\t\t<\/section>\n\t\t\t\t<section class=\"elementor-section elementor-top-section elementor-element elementor-element-6629bb1 elementor-section-boxed elementor-section-height-default elementor-section-height-default\" data-id=\"6629bb1\" data-element_type=\"section\">\n\t\t\t\t\t\t<div class=\"elementor-container elementor-column-gap-default\">\n\t\t\t\t\t\t\t<div class=\"elementor-row\">\n\t\t\t\t\t<div class=\"elementor-column elementor-col-33 elementor-top-column elementor-element elementor-element-675c0d3\" data-id=\"675c0d3\" data-element_type=\"column\">\n\t\t\t<div class=\"elementor-column-wrap elementor-element-populated\">\n\t\t\t\t\t\t\t<div class=\"elementor-widget-wrap\">\n\t\t\t\t\t\t<div class=\"elementor-element elementor-element-d459a5a elementor-widget elementor-widget-text-editor\" data-id=\"d459a5a\" data-element_type=\"widget\" data-widget_type=\"text-editor.default\">\n\t\t\t\t<div class=\"elementor-widget-container\">\n\t\t\t\t\t\t\t\t<div class=\"elementor-text-editor elementor-clearfix\">\n\t\t\t\t\t<p>Fase de instala\u00e7\u00e3o da sala magneticamente blindada no LPC2M (2020)<\/p>\t\t\t\t\t<\/div>\n\t\t\t\t\t\t<\/div>\n\t\t\t\t<\/div>\n\t\t\t\t\t\t<\/div>\n\t\t\t\t\t<\/div>\n\t\t<\/div>\n\t\t\t\t<div class=\"elementor-column elementor-col-33 elementor-top-column elementor-element elementor-element-ddaf87b\" data-id=\"ddaf87b\" data-element_type=\"column\">\n\t\t\t<div class=\"elementor-column-wrap elementor-element-populated\">\n\t\t\t\t\t\t\t<div class=\"elementor-widget-wrap\">\n\t\t\t\t\t\t<div class=\"elementor-element elementor-element-abc2974 elementor-widget elementor-widget-text-editor\" data-id=\"abc2974\" data-element_type=\"widget\" data-widget_type=\"text-editor.default\">\n\t\t\t\t<div class=\"elementor-widget-container\">\n\t\t\t\t\t\t\t\t<div class=\"elementor-text-editor elementor-clearfix\">\n\t\t\t\t\t\t\t\t\t\t<\/div>\n\t\t\t\t\t\t<\/div>\n\t\t\t\t<\/div>\n\t\t\t\t\t\t<\/div>\n\t\t\t\t\t<\/div>\n\t\t<\/div>\n\t\t\t\t<div class=\"elementor-column elementor-col-33 elementor-top-column elementor-element elementor-element-db0208c\" data-id=\"db0208c\" data-element_type=\"column\">\n\t\t\t<div class=\"elementor-column-wrap elementor-element-populated\">\n\t\t\t\t\t\t\t<div class=\"elementor-widget-wrap\">\n\t\t\t\t\t\t<div class=\"elementor-element elementor-element-ff7ec90 elementor-widget elementor-widget-text-editor\" data-id=\"ff7ec90\" data-element_type=\"widget\" data-widget_type=\"text-editor.default\">\n\t\t\t\t<div class=\"elementor-widget-container\">\n\t\t\t\t\t\t\t\t<div class=\"elementor-text-editor elementor-clearfix\">\n\t\t\t\t\t\t\t\t\t\t<\/div>\n\t\t\t\t\t\t<\/div>\n\t\t\t\t<\/div>\n\t\t\t\t\t\t<\/div>\n\t\t\t\t\t<\/div>\n\t\t<\/div>\n\t\t\t\t\t\t\t\t<\/div>\n\t\t\t\t\t<\/div>\n\t\t<\/section>\n\t\t\t\t<section class=\"elementor-section elementor-top-section elementor-element elementor-element-252fbf9 elementor-section-boxed elementor-section-height-default elementor-section-height-default\" data-id=\"252fbf9\" data-element_type=\"section\">\n\t\t\t\t\t\t<div class=\"elementor-container elementor-column-gap-default\">\n\t\t\t\t\t\t\t<div class=\"elementor-row\">\n\t\t\t\t\t<div class=\"elementor-column elementor-col-100 elementor-top-column elementor-element elementor-element-b71299b\" data-id=\"b71299b\" data-element_type=\"column\">\n\t\t\t<div class=\"elementor-column-wrap elementor-element-populated\">\n\t\t\t\t\t\t\t<div class=\"elementor-widget-wrap\">\n\t\t\t\t\t\t<div class=\"elementor-element elementor-element-1f60351 elementor-widget elementor-widget-spacer\" data-id=\"1f60351\" data-element_type=\"widget\" data-widget_type=\"spacer.default\">\n\t\t\t\t<div class=\"elementor-widget-container\">\n\t\t\t\t\t<div class=\"elementor-spacer\">\n\t\t\t<div class=\"elementor-spacer-inner\"><\/div>\n\t\t<\/div>\n\t\t\t\t<\/div>\n\t\t\t\t<\/div>\n\t\t\t\t\t\t<\/div>\n\t\t\t\t\t<\/div>\n\t\t<\/div>\n\t\t\t\t\t\t\t\t<\/div>\n\t\t\t\t\t<\/div>\n\t\t<\/section>\n\t\t\t\t<section class=\"elementor-section elementor-top-section elementor-element elementor-element-fea1930 elementor-section-boxed elementor-section-height-default elementor-section-height-default\" data-id=\"fea1930\" data-element_type=\"section\">\n\t\t\t\t\t\t<div class=\"elementor-container elementor-column-gap-default\">\n\t\t\t\t\t\t\t<div class=\"elementor-row\">\n\t\t\t\t\t<div class=\"elementor-column elementor-col-33 elementor-top-column elementor-element elementor-element-091af02\" data-id=\"091af02\" data-element_type=\"column\">\n\t\t\t<div class=\"elementor-column-wrap elementor-element-populated\">\n\t\t\t\t\t\t\t<div class=\"elementor-widget-wrap\">\n\t\t\t\t\t\t<div class=\"elementor-element elementor-element-72d837b elementor-widget elementor-widget-image\" data-id=\"72d837b\" data-element_type=\"widget\" data-widget_type=\"image.default\">\n\t\t\t\t<div class=\"elementor-widget-container\">\n\t\t\t\t\t\t\t\t<div class=\"elementor-image\">\n\t\t\t\t\t\t\t\t\t\t\t\t<img width=\"1024\" height=\"498\" src=\"http:\/\/lp2m-on.com.br\/wp-content\/uploads\/2022\/11\/20210409_093147-1024x498.jpg\" class=\"attachment-large size-large\" alt=\"\" decoding=\"async\" loading=\"lazy\" srcset=\"http:\/\/lp2m-on.com.br\/wp-content\/uploads\/2022\/11\/20210409_093147-1024x498.jpg 1024w, http:\/\/lp2m-on.com.br\/wp-content\/uploads\/2022\/11\/20210409_093147-300x146.jpg 300w, http:\/\/lp2m-on.com.br\/wp-content\/uploads\/2022\/11\/20210409_093147-768x373.jpg 768w, http:\/\/lp2m-on.com.br\/wp-content\/uploads\/2022\/11\/20210409_093147-1536x747.jpg 1536w, http:\/\/lp2m-on.com.br\/wp-content\/uploads\/2022\/11\/20210409_093147-2048x996.jpg 2048w\" sizes=\"(max-width: 1024px) 100vw, 1024px\" \/>\t\t\t\t\t\t\t\t\t\t\t\t\t\t<\/div>\n\t\t\t\t\t\t<\/div>\n\t\t\t\t<\/div>\n\t\t\t\t\t\t<\/div>\n\t\t\t\t\t<\/div>\n\t\t<\/div>\n\t\t\t\t<div class=\"elementor-column elementor-col-33 elementor-top-column elementor-element elementor-element-844dd2e\" data-id=\"844dd2e\" data-element_type=\"column\">\n\t\t\t<div class=\"elementor-column-wrap elementor-element-populated\">\n\t\t\t\t\t\t\t<div class=\"elementor-widget-wrap\">\n\t\t\t\t\t\t<div class=\"elementor-element elementor-element-5caebc6 elementor-widget elementor-widget-image\" data-id=\"5caebc6\" data-element_type=\"widget\" data-widget_type=\"image.default\">\n\t\t\t\t<div class=\"elementor-widget-container\">\n\t\t\t\t\t\t\t\t<div class=\"elementor-image\">\n\t\t\t\t\t\t\t\t\t\t\t\t<img width=\"1024\" height=\"498\" src=\"http:\/\/lp2m-on.com.br\/wp-content\/uploads\/2022\/11\/20210309_074548-1024x498.jpg\" class=\"attachment-large size-large\" alt=\"\" decoding=\"async\" loading=\"lazy\" srcset=\"http:\/\/lp2m-on.com.br\/wp-content\/uploads\/2022\/11\/20210309_074548-1024x498.jpg 1024w, http:\/\/lp2m-on.com.br\/wp-content\/uploads\/2022\/11\/20210309_074548-300x146.jpg 300w, http:\/\/lp2m-on.com.br\/wp-content\/uploads\/2022\/11\/20210309_074548-768x373.jpg 768w, http:\/\/lp2m-on.com.br\/wp-content\/uploads\/2022\/11\/20210309_074548-1536x747.jpg 1536w, http:\/\/lp2m-on.com.br\/wp-content\/uploads\/2022\/11\/20210309_074548-2048x996.jpg 2048w\" sizes=\"(max-width: 1024px) 100vw, 1024px\" \/>\t\t\t\t\t\t\t\t\t\t\t\t\t\t<\/div>\n\t\t\t\t\t\t<\/div>\n\t\t\t\t<\/div>\n\t\t\t\t\t\t<\/div>\n\t\t\t\t\t<\/div>\n\t\t<\/div>\n\t\t\t\t<div class=\"elementor-column elementor-col-33 elementor-top-column elementor-element elementor-element-b979d06\" data-id=\"b979d06\" data-element_type=\"column\">\n\t\t\t<div class=\"elementor-column-wrap\">\n\t\t\t\t\t\t\t<div class=\"elementor-widget-wrap\">\n\t\t\t\t\t\t\t\t<\/div>\n\t\t\t\t\t<\/div>\n\t\t<\/div>\n\t\t\t\t\t\t\t\t<\/div>\n\t\t\t\t\t<\/div>\n\t\t<\/section>\n\t\t\t\t<section class=\"elementor-section elementor-top-section elementor-element elementor-element-9dd5a69 elementor-section-boxed elementor-section-height-default elementor-section-height-default\" data-id=\"9dd5a69\" data-element_type=\"section\">\n\t\t\t\t\t\t<div class=\"elementor-container elementor-column-gap-default\">\n\t\t\t\t\t\t\t<div class=\"elementor-row\">\n\t\t\t\t\t<div class=\"elementor-column elementor-col-33 elementor-top-column elementor-element elementor-element-3d99a0b\" data-id=\"3d99a0b\" data-element_type=\"column\">\n\t\t\t<div class=\"elementor-column-wrap elementor-element-populated\">\n\t\t\t\t\t\t\t<div class=\"elementor-widget-wrap\">\n\t\t\t\t\t\t<div class=\"elementor-element elementor-element-d815d64 elementor-widget elementor-widget-text-editor\" data-id=\"d815d64\" data-element_type=\"widget\" data-widget_type=\"text-editor.default\">\n\t\t\t\t<div class=\"elementor-widget-container\">\n\t\t\t\t\t\t\t\t<div class=\"elementor-text-editor elementor-clearfix\">\n\t\t\t\t\t<p>Fase de instala\u00e7\u00e3o de chapas Fe-Si GO para uma das camadas de blindagem magn\u00e9tica<\/p>\t\t\t\t\t<\/div>\n\t\t\t\t\t\t<\/div>\n\t\t\t\t<\/div>\n\t\t\t\t\t\t<\/div>\n\t\t\t\t\t<\/div>\n\t\t<\/div>\n\t\t\t\t<div class=\"elementor-column elementor-col-33 elementor-top-column elementor-element elementor-element-4e28e7d\" data-id=\"4e28e7d\" data-element_type=\"column\">\n\t\t\t<div class=\"elementor-column-wrap\">\n\t\t\t\t\t\t\t<div class=\"elementor-widget-wrap\">\n\t\t\t\t\t\t\t\t<\/div>\n\t\t\t\t\t<\/div>\n\t\t<\/div>\n\t\t\t\t<div class=\"elementor-column elementor-col-33 elementor-top-column elementor-element elementor-element-b3f73f8\" data-id=\"b3f73f8\" data-element_type=\"column\">\n\t\t\t<div class=\"elementor-column-wrap\">\n\t\t\t\t\t\t\t<div class=\"elementor-widget-wrap\">\n\t\t\t\t\t\t\t\t<\/div>\n\t\t\t\t\t<\/div>\n\t\t<\/div>\n\t\t\t\t\t\t\t\t<\/div>\n\t\t\t\t\t<\/div>\n\t\t<\/section>\n\t\t\t\t\t\t<\/div>\n\t\t\t\t\t\t<\/div>\n\t\t\t\t\t<\/div>\n\t\t","protected":false},"excerpt":{"rendered":"<p>Constru\u00e7\u00e3o da sala magneticamente blindada Fase de instala\u00e7\u00e3o da sala magneticamente blindada no LPC2M (2020) Fase de instala\u00e7\u00e3o de chapas Fe-Si GO para uma das camadas de blindagem magn\u00e9tica<\/p>\n","protected":false},"author":2,"featured_media":0,"parent":0,"menu_order":0,"comment_status":"closed","ping_status":"closed","template":"","meta":[],"translation":{"provider":"WPGlobus","version":"2.7.3","language":"es","enabled_languages":["br","en","es"],"languages":{"br":{"title":true,"content":true,"excerpt":false},"en":{"title":false,"content":false,"excerpt":false},"es":{"title":false,"content":false,"excerpt":false}}},"_links":{"self":[{"href":"http:\/\/lp2m-on.com.br\/es\/wp-json\/wp\/v2\/pages\/25297"}],"collection":[{"href":"http:\/\/lp2m-on.com.br\/es\/wp-json\/wp\/v2\/pages"}],"about":[{"href":"http:\/\/lp2m-on.com.br\/es\/wp-json\/wp\/v2\/types\/page"}],"author":[{"embeddable":true,"href":"http:\/\/lp2m-on.com.br\/es\/wp-json\/wp\/v2\/users\/2"}],"replies":[{"embeddable":true,"href":"http:\/\/lp2m-on.com.br\/es\/wp-json\/wp\/v2\/comments?post=25297"}],"version-history":[{"count":22,"href":"http:\/\/lp2m-on.com.br\/es\/wp-json\/wp\/v2\/pages\/25297\/revisions"}],"predecessor-version":[{"id":25791,"href":"http:\/\/lp2m-on.com.br\/es\/wp-json\/wp\/v2\/pages\/25297\/revisions\/25791"}],"wp:attachment":[{"href":"http:\/\/lp2m-on.com.br\/es\/wp-json\/wp\/v2\/media?parent=25297"}],"curies":[{"name":"wp","href":"https:\/\/api.w.org\/{rel}","templated":true}]}}