{"id":25319,"date":"2022-11-25T18:28:55","date_gmt":"2022-11-25T21:28:55","guid":{"rendered":"http:\/\/lp2m-on.com.br\/?page_id=25319"},"modified":"2023-06-24T11:02:10","modified_gmt":"2023-06-24T14:02:10","slug":"divisao-de-paleomagnetismo-e-mineralogia-magnetica-2","status":"publish","type":"page","link":"http:\/\/lp2m-on.com.br\/en\/divisao-de-paleomagnetismo-e-mineralogia-magnetica-2\/","title":{"rendered":"Divis\u00e3o de Paleomagnetismo e Mineralogia Magn\u00e9tica"},"content":{"rendered":"\t\t<div data-elementor-type=\"wp-page\" data-elementor-id=\"25319\" class=\"elementor elementor-25319\" data-elementor-settings=\"[]\">\n\t\t\t\t\t\t<div class=\"elementor-inner\">\n\t\t\t\t\t\t\t<div class=\"elementor-section-wrap\">\n\t\t\t\t\t\t\t<section class=\"elementor-section elementor-top-section elementor-element elementor-element-363f942 elementor-section-boxed elementor-section-height-default elementor-section-height-default\" data-id=\"363f942\" data-element_type=\"section\">\n\t\t\t\t\t\t<div class=\"elementor-container elementor-column-gap-default\">\n\t\t\t\t\t\t\t<div class=\"elementor-row\">\n\t\t\t\t\t<div class=\"elementor-column elementor-col-100 elementor-top-column elementor-element elementor-element-4875d0c\" data-id=\"4875d0c\" data-element_type=\"column\">\n\t\t\t<div class=\"elementor-column-wrap elementor-element-populated\">\n\t\t\t\t\t\t\t<div class=\"elementor-widget-wrap\">\n\t\t\t\t\t\t<div class=\"elementor-element elementor-element-d6e6495 elementor-widget elementor-widget-heading\" data-id=\"d6e6495\" data-element_type=\"widget\" data-widget_type=\"heading.default\">\n\t\t\t\t<div class=\"elementor-widget-container\">\n\t\t\t<h2 class=\"elementor-heading-title elementor-size-large\">Divis\u00e3o de Paleomagnetismo, Cicloestratigrafia e Mineralogia Magn\u00e9tica<\/h2>\t\t<\/div>\n\t\t\t\t<\/div>\n\t\t\t\t\t\t<\/div>\n\t\t\t\t\t<\/div>\n\t\t<\/div>\n\t\t\t\t\t\t\t\t<\/div>\n\t\t\t\t\t<\/div>\n\t\t<\/section>\n\t\t\t\t<section class=\"elementor-section elementor-top-section elementor-element elementor-element-d98c814 elementor-section-boxed elementor-section-height-default elementor-section-height-default\" data-id=\"d98c814\" data-element_type=\"section\">\n\t\t\t\t\t\t<div class=\"elementor-container elementor-column-gap-default\">\n\t\t\t\t\t\t\t<div class=\"elementor-row\">\n\t\t\t\t\t<div class=\"elementor-column elementor-col-33 elementor-top-column elementor-element elementor-element-ba2dac2\" data-id=\"ba2dac2\" data-element_type=\"column\">\n\t\t\t<div class=\"elementor-column-wrap elementor-element-populated\">\n\t\t\t\t\t\t\t<div class=\"elementor-widget-wrap\">\n\t\t\t\t\t\t<div class=\"elementor-element elementor-element-ab782f0 elementor-widget elementor-widget-image\" data-id=\"ab782f0\" data-element_type=\"widget\" data-widget_type=\"image.default\">\n\t\t\t\t<div class=\"elementor-widget-container\">\n\t\t\t\t\t\t\t\t<div class=\"elementor-image\">\n\t\t\t\t\t\t\t\t\t\t\t\t<img width=\"1024\" height=\"683\" src=\"http:\/\/lp2m-on.com.br\/wp-content\/uploads\/2022\/11\/ON-LAB-DANIEL-4-OUTUBRO-2019-008-1-1024x683.jpg\" class=\"attachment-large size-large\" alt=\"\" decoding=\"async\" loading=\"lazy\" srcset=\"http:\/\/lp2m-on.com.br\/wp-content\/uploads\/2022\/11\/ON-LAB-DANIEL-4-OUTUBRO-2019-008-1-1024x683.jpg 1024w, http:\/\/lp2m-on.com.br\/wp-content\/uploads\/2022\/11\/ON-LAB-DANIEL-4-OUTUBRO-2019-008-1-300x200.jpg 300w, http:\/\/lp2m-on.com.br\/wp-content\/uploads\/2022\/11\/ON-LAB-DANIEL-4-OUTUBRO-2019-008-1-768x512.jpg 768w, http:\/\/lp2m-on.com.br\/wp-content\/uploads\/2022\/11\/ON-LAB-DANIEL-4-OUTUBRO-2019-008-1-1536x1024.jpg 1536w, http:\/\/lp2m-on.com.br\/wp-content\/uploads\/2022\/11\/ON-LAB-DANIEL-4-OUTUBRO-2019-008-1-2048x1366.jpg 2048w\" sizes=\"(max-width: 1024px) 100vw, 1024px\" \/>\t\t\t\t\t\t\t\t\t\t\t\t\t\t<\/div>\n\t\t\t\t\t\t<\/div>\n\t\t\t\t<\/div>\n\t\t\t\t\t\t<\/div>\n\t\t\t\t\t<\/div>\n\t\t<\/div>\n\t\t\t\t<div class=\"elementor-column elementor-col-33 elementor-top-column elementor-element elementor-element-3eb22ab\" data-id=\"3eb22ab\" data-element_type=\"column\">\n\t\t\t<div class=\"elementor-column-wrap elementor-element-populated\">\n\t\t\t\t\t\t\t<div class=\"elementor-widget-wrap\">\n\t\t\t\t\t\t<div class=\"elementor-element elementor-element-52fab0d elementor-widget elementor-widget-image\" data-id=\"52fab0d\" data-element_type=\"widget\" data-widget_type=\"image.default\">\n\t\t\t\t<div class=\"elementor-widget-container\">\n\t\t\t\t\t\t\t\t<div class=\"elementor-image\">\n\t\t\t\t\t\t\t\t\t\t\t\t<img width=\"1024\" height=\"768\" src=\"http:\/\/lp2m-on.com.br\/wp-content\/uploads\/2022\/11\/WhatsApp-Image-2022-11-22-at-13.39.39-1024x768.jpeg\" class=\"attachment-large size-large\" alt=\"\" decoding=\"async\" loading=\"lazy\" srcset=\"http:\/\/lp2m-on.com.br\/wp-content\/uploads\/2022\/11\/WhatsApp-Image-2022-11-22-at-13.39.39-1024x768.jpeg 1024w, http:\/\/lp2m-on.com.br\/wp-content\/uploads\/2022\/11\/WhatsApp-Image-2022-11-22-at-13.39.39-300x225.jpeg 300w, http:\/\/lp2m-on.com.br\/wp-content\/uploads\/2022\/11\/WhatsApp-Image-2022-11-22-at-13.39.39-768x576.jpeg 768w, http:\/\/lp2m-on.com.br\/wp-content\/uploads\/2022\/11\/WhatsApp-Image-2022-11-22-at-13.39.39-1536x1152.jpeg 1536w, http:\/\/lp2m-on.com.br\/wp-content\/uploads\/2022\/11\/WhatsApp-Image-2022-11-22-at-13.39.39.jpeg 1600w\" sizes=\"(max-width: 1024px) 100vw, 1024px\" \/>\t\t\t\t\t\t\t\t\t\t\t\t\t\t<\/div>\n\t\t\t\t\t\t<\/div>\n\t\t\t\t<\/div>\n\t\t\t\t\t\t<\/div>\n\t\t\t\t\t<\/div>\n\t\t<\/div>\n\t\t\t\t<div class=\"elementor-column elementor-col-33 elementor-top-column elementor-element elementor-element-192e6f3\" data-id=\"192e6f3\" data-element_type=\"column\">\n\t\t\t<div class=\"elementor-column-wrap elementor-element-populated\">\n\t\t\t\t\t\t\t<div class=\"elementor-widget-wrap\">\n\t\t\t\t\t\t<div class=\"elementor-element elementor-element-0bd913e elementor-widget elementor-widget-image\" data-id=\"0bd913e\" data-element_type=\"widget\" data-widget_type=\"image.default\">\n\t\t\t\t<div class=\"elementor-widget-container\">\n\t\t\t\t\t\t\t\t<div class=\"elementor-image\">\n\t\t\t\t\t\t\t\t\t\t\t\t<img width=\"1024\" height=\"768\" src=\"http:\/\/lp2m-on.com.br\/wp-content\/uploads\/2022\/11\/WhatsApp-Image-2022-11-22-at-13.44.06-1-1024x768.jpeg\" class=\"attachment-large size-large\" alt=\"\" decoding=\"async\" loading=\"lazy\" srcset=\"http:\/\/lp2m-on.com.br\/wp-content\/uploads\/2022\/11\/WhatsApp-Image-2022-11-22-at-13.44.06-1-1024x768.jpeg 1024w, http:\/\/lp2m-on.com.br\/wp-content\/uploads\/2022\/11\/WhatsApp-Image-2022-11-22-at-13.44.06-1-300x225.jpeg 300w, http:\/\/lp2m-on.com.br\/wp-content\/uploads\/2022\/11\/WhatsApp-Image-2022-11-22-at-13.44.06-1-768x576.jpeg 768w, http:\/\/lp2m-on.com.br\/wp-content\/uploads\/2022\/11\/WhatsApp-Image-2022-11-22-at-13.44.06-1-1536x1152.jpeg 1536w, http:\/\/lp2m-on.com.br\/wp-content\/uploads\/2022\/11\/WhatsApp-Image-2022-11-22-at-13.44.06-1.jpeg 1600w\" sizes=\"(max-width: 1024px) 100vw, 1024px\" \/>\t\t\t\t\t\t\t\t\t\t\t\t\t\t<\/div>\n\t\t\t\t\t\t<\/div>\n\t\t\t\t<\/div>\n\t\t\t\t\t\t<\/div>\n\t\t\t\t\t<\/div>\n\t\t<\/div>\n\t\t\t\t\t\t\t\t<\/div>\n\t\t\t\t\t<\/div>\n\t\t<\/section>\n\t\t\t\t<section class=\"elementor-section elementor-top-section elementor-element elementor-element-ec09e01 elementor-section-boxed elementor-section-height-default elementor-section-height-default\" data-id=\"ec09e01\" data-element_type=\"section\">\n\t\t\t\t\t\t<div class=\"elementor-container elementor-column-gap-default\">\n\t\t\t\t\t\t\t<div class=\"elementor-row\">\n\t\t\t\t\t<div class=\"elementor-column elementor-col-33 elementor-top-column elementor-element elementor-element-aa0ddee\" data-id=\"aa0ddee\" data-element_type=\"column\">\n\t\t\t<div class=\"elementor-column-wrap elementor-element-populated\">\n\t\t\t\t\t\t\t<div class=\"elementor-widget-wrap\">\n\t\t\t\t\t\t<div class=\"elementor-element elementor-element-a1b1d1f elementor-widget elementor-widget-text-editor\" data-id=\"a1b1d1f\" data-element_type=\"widget\" data-widget_type=\"text-editor.default\">\n\t\t\t\t<div class=\"elementor-widget-container\">\n\t\t\t\t\t\t\t\t<div class=\"elementor-text-editor elementor-clearfix\">\n\t\t\t\t\t<p>Constru\u00e7\u00e3o da bancada da Divis\u00e3o de Mineralogia Magn\u00e9tica (2019)<\/p>\t\t\t\t\t<\/div>\n\t\t\t\t\t\t<\/div>\n\t\t\t\t<\/div>\n\t\t\t\t\t\t<\/div>\n\t\t\t\t\t<\/div>\n\t\t<\/div>\n\t\t\t\t<div class=\"elementor-column elementor-col-33 elementor-top-column elementor-element elementor-element-692d0a5\" data-id=\"692d0a5\" data-element_type=\"column\">\n\t\t\t<div class=\"elementor-column-wrap elementor-element-populated\">\n\t\t\t\t\t\t\t<div class=\"elementor-widget-wrap\">\n\t\t\t\t\t\t<div class=\"elementor-element elementor-element-14086d0 elementor-widget elementor-widget-text-editor\" data-id=\"14086d0\" data-element_type=\"widget\" data-widget_type=\"text-editor.default\">\n\t\t\t\t<div class=\"elementor-widget-container\">\n\t\t\t\t\t\t\t\t<div class=\"elementor-text-editor elementor-clearfix\">\n\t\t\t\t\t<p>Bancada da sala da Divis\u00e3o de Mineralogia Magn\u00e9tica com\u00a0Susceptibil\u00edmetro multifun\u00e7\u00e3o Kappabridge (AGICO, s.r.o. Czech Republic) (2022)<\/p>\t\t\t\t\t<\/div>\n\t\t\t\t\t\t<\/div>\n\t\t\t\t<\/div>\n\t\t\t\t\t\t<\/div>\n\t\t\t\t\t<\/div>\n\t\t<\/div>\n\t\t\t\t<div class=\"elementor-column elementor-col-33 elementor-top-column elementor-element elementor-element-33e109e\" data-id=\"33e109e\" data-element_type=\"column\">\n\t\t\t<div class=\"elementor-column-wrap elementor-element-populated\">\n\t\t\t\t\t\t\t<div class=\"elementor-widget-wrap\">\n\t\t\t\t\t\t<div class=\"elementor-element elementor-element-9fdae05 elementor-widget elementor-widget-text-editor\" data-id=\"9fdae05\" data-element_type=\"widget\" data-widget_type=\"text-editor.default\">\n\t\t\t\t<div class=\"elementor-widget-container\">\n\t\t\t\t\t\t\t\t<div class=\"elementor-text-editor elementor-clearfix\">\n\t\t\t\t\t<p>Magnetizador tipo Impulse (ASC Scientific USA)&nbsp;<\/p>\t\t\t\t\t<\/div>\n\t\t\t\t\t\t<\/div>\n\t\t\t\t<\/div>\n\t\t\t\t\t\t<\/div>\n\t\t\t\t\t<\/div>\n\t\t<\/div>\n\t\t\t\t\t\t\t\t<\/div>\n\t\t\t\t\t<\/div>\n\t\t<\/section>\n\t\t\t\t\t\t<\/div>\n\t\t\t\t\t\t<\/div>\n\t\t\t\t\t<\/div>\n\t\t","protected":false},"excerpt":{"rendered":"<p>Divis\u00e3o de Paleomagnetismo, Cicloestratigrafia e Mineralogia Magn\u00e9tica Constru\u00e7\u00e3o da bancada da Divis\u00e3o de Mineralogia Magn\u00e9tica (2019) Bancada da sala da Divis\u00e3o de Mineralogia Magn\u00e9tica com\u00a0Susceptibil\u00edmetro multifun\u00e7\u00e3o Kappabridge (AGICO, s.r.o. Czech Republic) (2022) Magnetizador tipo Impulse (ASC Scientific USA)&nbsp;<\/p>\n","protected":false},"author":2,"featured_media":0,"parent":0,"menu_order":0,"comment_status":"closed","ping_status":"closed","template":"","meta":[],"translation":{"provider":"WPGlobus","version":"2.7.3","language":"en","enabled_languages":["br","en","es"],"languages":{"br":{"title":true,"content":true,"excerpt":false},"en":{"title":false,"content":false,"excerpt":false},"es":{"title":false,"content":false,"excerpt":false}}},"_links":{"self":[{"href":"http:\/\/lp2m-on.com.br\/en\/wp-json\/wp\/v2\/pages\/25319"}],"collection":[{"href":"http:\/\/lp2m-on.com.br\/en\/wp-json\/wp\/v2\/pages"}],"about":[{"href":"http:\/\/lp2m-on.com.br\/en\/wp-json\/wp\/v2\/types\/page"}],"author":[{"embeddable":true,"href":"http:\/\/lp2m-on.com.br\/en\/wp-json\/wp\/v2\/users\/2"}],"replies":[{"embeddable":true,"href":"http:\/\/lp2m-on.com.br\/en\/wp-json\/wp\/v2\/comments?post=25319"}],"version-history":[{"count":22,"href":"http:\/\/lp2m-on.com.br\/en\/wp-json\/wp\/v2\/pages\/25319\/revisions"}],"predecessor-version":[{"id":25794,"href":"http:\/\/lp2m-on.com.br\/en\/wp-json\/wp\/v2\/pages\/25319\/revisions\/25794"}],"wp:attachment":[{"href":"http:\/\/lp2m-on.com.br\/en\/wp-json\/wp\/v2\/media?parent=25319"}],"curies":[{"name":"wp","href":"https:\/\/api.w.org\/{rel}","templated":true}]}}