{"id":25250,"date":"2022-11-25T16:12:58","date_gmt":"2022-11-25T19:12:58","guid":{"rendered":"http:\/\/lp2m-on.com.br\/?page_id=25250"},"modified":"2022-11-25T19:37:07","modified_gmt":"2022-11-25T22:37:07","slug":"http-lp2m-on-com-br-resumo","status":"publish","type":"page","link":"http:\/\/lp2m-on.com.br\/en\/http-lp2m-on-com-br-resumo\/","title":{"rendered":""},"content":{"rendered":"\t\t<div data-elementor-type=\"wp-page\" data-elementor-id=\"25250\" class=\"elementor elementor-25250\" data-elementor-settings=\"[]\">\n\t\t\t\t\t\t<div class=\"elementor-inner\">\n\t\t\t\t\t\t\t<div class=\"elementor-section-wrap\">\n\t\t\t\t\t\t\t<section class=\"elementor-section elementor-top-section elementor-element elementor-element-61e1af2 elementor-section-boxed elementor-section-height-default elementor-section-height-default\" data-id=\"61e1af2\" data-element_type=\"section\">\n\t\t\t\t\t\t<div class=\"elementor-container elementor-column-gap-default\">\n\t\t\t\t\t\t\t<div class=\"elementor-row\">\n\t\t\t\t\t<div class=\"elementor-column elementor-col-100 elementor-top-column elementor-element elementor-element-756176b\" data-id=\"756176b\" data-element_type=\"column\">\n\t\t\t<div class=\"elementor-column-wrap elementor-element-populated\">\n\t\t\t\t\t\t\t<div class=\"elementor-widget-wrap\">\n\t\t\t\t\t\t<div class=\"elementor-element elementor-element-62c330e elementor-widget elementor-widget-heading\" data-id=\"62c330e\" data-element_type=\"widget\" data-widget_type=\"heading.default\">\n\t\t\t\t<div class=\"elementor-widget-container\">\n\t\t\t<h2 class=\"elementor-heading-title elementor-size-large\">Resumos <\/h2>\t\t<\/div>\n\t\t\t\t<\/div>\n\t\t\t\t\t\t<\/div>\n\t\t\t\t\t<\/div>\n\t\t<\/div>\n\t\t\t\t\t\t\t\t<\/div>\n\t\t\t\t\t<\/div>\n\t\t<\/section>\n\t\t\t\t<section class=\"elementor-section elementor-top-section elementor-element elementor-element-9d0f9a3 elementor-section-boxed elementor-section-height-default elementor-section-height-default\" data-id=\"9d0f9a3\" data-element_type=\"section\">\n\t\t\t\t\t\t<div class=\"elementor-container elementor-column-gap-default\">\n\t\t\t\t\t\t\t<div class=\"elementor-row\">\n\t\t\t\t\t<div class=\"elementor-column elementor-col-100 elementor-top-column elementor-element elementor-element-be98664\" data-id=\"be98664\" data-element_type=\"column\">\n\t\t\t<div class=\"elementor-column-wrap elementor-element-populated\">\n\t\t\t\t\t\t\t<div class=\"elementor-widget-wrap\">\n\t\t\t\t\t\t<div class=\"elementor-element elementor-element-4d9d90d elementor-widget-divider--view-line elementor-widget elementor-widget-divider\" data-id=\"4d9d90d\" data-element_type=\"widget\" data-widget_type=\"divider.default\">\n\t\t\t\t<div class=\"elementor-widget-container\">\n\t\t\t\t\t<div class=\"elementor-divider\">\n\t\t\t<span class=\"elementor-divider-separator\">\n\t\t\t\t\t\t<\/span>\n\t\t<\/div>\n\t\t\t\t<\/div>\n\t\t\t\t<\/div>\n\t\t\t\t\t\t<\/div>\n\t\t\t\t\t<\/div>\n\t\t<\/div>\n\t\t\t\t\t\t\t\t<\/div>\n\t\t\t\t\t<\/div>\n\t\t<\/section>\n\t\t\t\t<section class=\"elementor-section elementor-top-section elementor-element elementor-element-55315f72 elementor-section-boxed elementor-section-height-default elementor-section-height-default\" data-id=\"55315f72\" data-element_type=\"section\">\n\t\t\t\t\t\t<div class=\"elementor-container elementor-column-gap-default\">\n\t\t\t\t\t\t\t<div class=\"elementor-row\">\n\t\t\t\t\t<div class=\"elementor-column elementor-col-100 elementor-top-column elementor-element elementor-element-2e7536d5\" data-id=\"2e7536d5\" data-element_type=\"column\">\n\t\t\t<div class=\"elementor-column-wrap elementor-element-populated\">\n\t\t\t\t\t\t\t<div class=\"elementor-widget-wrap\">\n\t\t\t\t\t\t<div class=\"elementor-element elementor-element-35871b43 elementor-widget elementor-widget-text-editor\" data-id=\"35871b43\" data-element_type=\"widget\" data-widget_type=\"text-editor.default\">\n\t\t\t\t<div class=\"elementor-widget-container\">\n\t\t\t\t\t\t\t\t<div class=\"elementor-text-editor elementor-clearfix\">\n\t\t\t\t\t<!-- wp:heading -->\n<h1>2022<\/h1>\n<!-- \/wp:heading --><!-- wp:paragraph -->\n<p id=\"block-8a809aa1-439f-4dbd-8a87-c1bd3c49faaf\"><br \/>RODRIGUES, C. C. ; FERNANDES, M. A. ; SANTOS, N. B. ; ROCHA, R. M. ; CANDIDO, M. ; LI, M. ; FRAGOSO, D. G. C. ; GASPERI, A. ;\u00a0<strong>FRANCO, D. R.<\/strong>\u00a0. Cicloestratigrafia de sedimentos mioc\u00eanicos do Campo de Albacora (Bacia de Campos): resultados preliminares. In: IX Simp\u00f3sio Brasileiro de Geof\u00edsica, 2022, Curitiba. IX Simp\u00f3sio Brasileiro de Geof\u00edsica &#8211; resumos, 2022.<\/p>\n<!-- \/wp:paragraph --><!-- wp:paragraph -->\n<p id=\"block-6c6019e2-5d5a-49d7-b8ee-6ed265ebd9bb\">RODRIGUES, C. C. ;\u00a0<strong>Franco, D.R.<\/strong>\u00a0; SANTOS, N. B. ; FERNANDES, M. A. ; GASPERI, A. ; FRAGOSO, D. G. C. . Cicloestratigrafia de registros sedimentares da por\u00e7\u00e3o sul do Campo de Albacora, Bacia de Campos. In: IV Simp\u00f3sio Brasileiro de Geologia e Geof\u00edsica Marinha, 2022, Salvador. IV SBGGM &#8211; resumos, 2022.<\/p>\n<!-- \/wp:paragraph --><!-- wp:paragraph -->\n<p id=\"block-21548f39-4534-427f-8eea-623043c1f986\">FERNANDES, M. A. ; SANTOS, N. B. ; ROCHA, R. M. ; CANDIDO, M. ; LI, M. ;\u00a0<strong>Franco, D.R.<\/strong>\u00a0; GASPERI, A. ; FRAGOSO, D. G. C. . An\u00e1lise cicloestratigr\u00e1fica da por\u00e7\u00e3o norte do Campo de Albacora (Bacia de Campos): resultados preliminares. In: IV Simp\u00f3sio Brasileiro de Geologia e Geof\u00edsica Marinha, 2022, Salvador. IV SBGGM &#8211; resumos, 2022.<\/p>\n<!-- \/wp:paragraph --><!-- wp:heading -->\n<h1 id=\"block-f4341006-3945-455d-bb42-38cc41ca01fc\">2021<\/h1>\n<!-- \/wp:heading --><!-- wp:paragraph -->\n<p id=\"block-597ba465-cec1-4fda-a2ea-ab3cbf8aa973\">RAPOSO, M. I. B. ;\u00a0<a href=\"http:\/\/lattes.cnpq.br\/4569317153145783\" target=\"_blank\" rel=\"noreferrer noopener\">Ernesto, Marcia<\/a>\u00a0; BRANDT, D. ;\u00a0<strong>Franco, D.R.<\/strong>\u00a0. The Paran\u00e1 magmatism (Brazil) as the villain regarding the remagnetization of the Paleozoic sediments in the basin &#8211; half-truth!. In: 23rd EGU General Assembly, 2021. 23rd EGU General Assembly Conference Abstracts, 2021, 2021.<\/p>\n<!-- \/wp:paragraph --><!-- wp:heading -->\n<h1 id=\"block-491b8ac0-cce9-4ea4-a064-068c9e956ac5\">2020<\/h1>\n<!-- \/wp:heading --><!-- wp:paragraph -->\n<p id=\"block-2271e98e-75aa-4785-8b8a-24fe854674c6\"><br \/>KOCHHANN, M. V. L. ; CAGLIARI, J. ; KOCHHANN, K. G. D. ;\u00a0<strong>Franco, D.R.<\/strong>\u00a0. Climate variability during the Late Paleozoic Ice Age in the southwestern Gondwana: records of orbital and millennial-scale cycles in the Carboniferous rhythmite of the Paran\u00e1 Basin. In: EGU General Assembly 2020, 2020. EGU General Assembly 2020 Abstracts, 2020.<\/p>\n<!-- \/wp:paragraph --><!-- wp:paragraph -->\n<p id=\"block-51d34cc3-6420-4951-85ba-d886376c7dee\"><br \/>SANTOS, T. P. ; BALLALAI, J. ;\u00a0<strong>Franco, D.R.<\/strong>\u00a0; OLIVEIRA, R. R. ; LESSA, D. O. ; VENANCIO, I. M. ; CHIESSI, C. ; KUHNERT, H. ; JOHNSTONE, H. ;\u00a0<a href=\"http:\/\/lattes.cnpq.br\/4016720596063058\" target=\"_blank\" rel=\"noreferrer noopener\">ALBUQUERQUE, A. L. S.<\/a>\u00a0. Modes of response of the subsurface western South Atlantic to the last glacial Dansgaard-Oeschger cycles. In: EGU General Assembly 2020, 2020, Vienna. EGU General Assembly 2020 Abstracts, 2020.<\/p>\n<!-- \/wp:paragraph --><!-- wp:paragraph -->\n<p id=\"block-dfaec25c-25b8-4389-91f4-8cae677ab110\"><a href=\"http:\/\/lattes.cnpq.br\/6212331756825049\" target=\"_blank\" rel=\"noreferrer noopener\"><br \/>SILVEIRA, V. E. P.<\/a>\u00a0;\u00a0<a href=\"http:\/\/lattes.cnpq.br\/9874436698730620\" target=\"_blank\" rel=\"noreferrer noopener\">FRANCO, D. R.<\/a>\u00a0; TERRA, E. F. L. ; SCORZELLI, R. B. ; FONTES, M. B. ; BERTOLINO, L. C. ; CAGLIARI, J. ; HARTMANN, G. A. ; SOUZA, M. K. ;\u00a0<strong>DOS SANTOS, NAT\u00c1LIA B.<\/strong>\u00a0. Environmagnetic Evidences for Longshore Drift Distribution of Fe Bearing Minerals from the Southeastern Brazillian Coastal Region. In: AGU Fall Meeting, 2020. Environmagnetic Evidences for Longshore Drift Distribution of Fe Bearing Minerals from the Southeastern Brazillian Coastal Region, 2020<\/p>\n<!-- \/wp:paragraph -->\t\t\t\t\t<\/div>\n\t\t\t\t\t\t<\/div>\n\t\t\t\t<\/div>\n\t\t\t\t\t\t<\/div>\n\t\t\t\t\t<\/div>\n\t\t<\/div>\n\t\t\t\t\t\t\t\t<\/div>\n\t\t\t\t\t<\/div>\n\t\t<\/section>\n\t\t\t\t\t\t<\/div>\n\t\t\t\t\t\t<\/div>\n\t\t\t\t\t<\/div>\n\t\t","protected":false},"excerpt":{"rendered":"<p>Resumos 2022 RODRIGUES, C. C. ; FERNANDES, M. A. ; SANTOS, N. B. ; ROCHA, R. M. ; CANDIDO, M. ; LI, M. ; FRAGOSO, D. G. C. ; GASPERI, A. ;\u00a0FRANCO, D. R.\u00a0. Cicloestratigrafia de sedimentos mioc\u00eanicos do Campo de Albacora (Bacia de Campos): resultados preliminares. In: IX Simp\u00f3sio Brasileiro de Geof\u00edsica, 2022, Curitiba. &hellip;<\/p>\n<p class=\"read-more\"> <a class=\"\" href=\"http:\/\/lp2m-on.com.br\/en\/http-lp2m-on-com-br-resumo\/\">  Read More &raquo;<\/a><\/p>\n","protected":false},"author":2,"featured_media":0,"parent":0,"menu_order":0,"comment_status":"closed","ping_status":"closed","template":"","meta":[],"translation":{"provider":"WPGlobus","version":"2.7.3","language":"en","enabled_languages":["br","en","es"],"languages":{"br":{"title":false,"content":true,"excerpt":false},"en":{"title":false,"content":false,"excerpt":false},"es":{"title":false,"content":false,"excerpt":false}}},"_links":{"self":[{"href":"http:\/\/lp2m-on.com.br\/en\/wp-json\/wp\/v2\/pages\/25250"}],"collection":[{"href":"http:\/\/lp2m-on.com.br\/en\/wp-json\/wp\/v2\/pages"}],"about":[{"href":"http:\/\/lp2m-on.com.br\/en\/wp-json\/wp\/v2\/types\/page"}],"author":[{"embeddable":true,"href":"http:\/\/lp2m-on.com.br\/en\/wp-json\/wp\/v2\/users\/2"}],"replies":[{"embeddable":true,"href":"http:\/\/lp2m-on.com.br\/en\/wp-json\/wp\/v2\/comments?post=25250"}],"version-history":[{"count":12,"href":"http:\/\/lp2m-on.com.br\/en\/wp-json\/wp\/v2\/pages\/25250\/revisions"}],"predecessor-version":[{"id":25473,"href":"http:\/\/lp2m-on.com.br\/en\/wp-json\/wp\/v2\/pages\/25250\/revisions\/25473"}],"wp:attachment":[{"href":"http:\/\/lp2m-on.com.br\/en\/wp-json\/wp\/v2\/media?parent=25250"}],"curies":[{"name":"wp","href":"https:\/\/api.w.org\/{rel}","templated":true}]}}