{"id":24788,"date":"2022-06-08T01:02:40","date_gmt":"2022-06-08T04:02:40","guid":{"rendered":"http:\/\/lp2m-on.com.br\/?page_id=24788"},"modified":"2023-06-24T11:15:27","modified_gmt":"2023-06-24T14:15:27","slug":"agendamentos-e-contato","status":"publish","type":"page","link":"http:\/\/lp2m-on.com.br\/en\/agendamentos-e-contato\/","title":{"rendered":"Agendamentos e contato"},"content":{"rendered":"\t\t<div data-elementor-type=\"wp-page\" data-elementor-id=\"24788\" class=\"elementor elementor-24788\" data-elementor-settings=\"[]\">\n\t\t\t\t\t\t<div class=\"elementor-inner\">\n\t\t\t\t\t\t\t<div class=\"elementor-section-wrap\">\n\t\t\t\t\t\t\t<section class=\"elementor-section elementor-top-section elementor-element elementor-element-57ec81c1 elementor-section-boxed elementor-section-height-default elementor-section-height-default\" data-id=\"57ec81c1\" data-element_type=\"section\">\n\t\t\t\t\t\t<div class=\"elementor-container elementor-column-gap-default\">\n\t\t\t\t\t\t\t<div class=\"elementor-row\">\n\t\t\t\t\t<div class=\"elementor-column elementor-col-100 elementor-top-column elementor-element elementor-element-641f2b85\" data-id=\"641f2b85\" data-element_type=\"column\">\n\t\t\t<div class=\"elementor-column-wrap elementor-element-populated\">\n\t\t\t\t\t\t\t<div class=\"elementor-widget-wrap\">\n\t\t\t\t\t\t<div class=\"elementor-element elementor-element-1bd6e136 elementor-widget elementor-widget-text-editor\" data-id=\"1bd6e136\" data-element_type=\"widget\" data-widget_type=\"text-editor.default\">\n\t\t\t\t<div class=\"elementor-widget-container\">\n\t\t\t\t\t\t\t\t<div class=\"elementor-text-editor elementor-clearfix\">\n\t\t\t\t\t<p><!-- wp:paragraph --><\/p>\n<p>Observat\u00f3rio Nacional &#8211; ON\/MCTI<\/p>\n<p><!-- \/wp:paragraph --><\/p>\n<p><!-- wp:paragraph --><\/p>\n<p>Laborat\u00f3rio de Paleomagnetismo, Cicloestratigrafia e Mineralogia Magn\u00e9tica &#8211; LPC2M<\/p>\n<p><!-- \/wp:paragraph --><\/p>\n<p><!-- wp:paragraph --><\/p>\n<p>E-mails para contato e agendamento: lp2m@on.br<\/p>\n<p><!-- \/wp:paragraph --><\/p>\n<p><!-- wp:paragraph --><\/p>\n<p>Telefone para contato: +55 (21) 3504-9293<\/p>\n<p><!-- \/wp:paragraph --><\/p>\n<p><!-- wp:paragraph --><\/p>\n<p>Rua: Jos\u00e9 Cristino n\u00famero 77, S\u00e3o Crist\u00f3v\u00e3o &#8211; CEP 20.921-400, Rio de Janeiro, RJ, BRASIL<\/p>\n<p><!-- \/wp:paragraph --><\/p>\n<p><!-- wp:paragraph --><\/p>\n<p><!-- \/wp:paragraph --><\/p>\n<p><!-- wp:paragraph --><\/p>\n<p><!-- \/wp:paragraph --><\/p>\t\t\t\t\t<\/div>\n\t\t\t\t\t\t<\/div>\n\t\t\t\t<\/div>\n\t\t\t\t\t\t<\/div>\n\t\t\t\t\t<\/div>\n\t\t<\/div>\n\t\t\t\t\t\t\t\t<\/div>\n\t\t\t\t\t<\/div>\n\t\t<\/section>\n\t\t\t\t\t\t<\/div>\n\t\t\t\t\t\t<\/div>\n\t\t\t\t\t<\/div>\n\t\t","protected":false},"excerpt":{"rendered":"<p>Observat\u00f3rio Nacional &#8211; ON\/MCTI Laborat\u00f3rio de Paleomagnetismo, Cicloestratigrafia e Mineralogia Magn\u00e9tica &#8211; LPC2M E-mails para contato e agendamento: lp2m@on.br Telefone para contato: +55 (21) 3504-9293 Rua: Jos\u00e9 Cristino n\u00famero 77, S\u00e3o Crist\u00f3v\u00e3o &#8211; CEP 20.921-400, Rio de Janeiro, RJ, BRASIL<\/p>\n","protected":false},"author":2,"featured_media":0,"parent":0,"menu_order":0,"comment_status":"closed","ping_status":"closed","template":"","meta":[],"translation":{"provider":"WPGlobus","version":"2.7.3","language":"en","enabled_languages":["br","en","es"],"languages":{"br":{"title":true,"content":true,"excerpt":false},"en":{"title":false,"content":false,"excerpt":false},"es":{"title":false,"content":false,"excerpt":false}}},"_links":{"self":[{"href":"http:\/\/lp2m-on.com.br\/en\/wp-json\/wp\/v2\/pages\/24788"}],"collection":[{"href":"http:\/\/lp2m-on.com.br\/en\/wp-json\/wp\/v2\/pages"}],"about":[{"href":"http:\/\/lp2m-on.com.br\/en\/wp-json\/wp\/v2\/types\/page"}],"author":[{"embeddable":true,"href":"http:\/\/lp2m-on.com.br\/en\/wp-json\/wp\/v2\/users\/2"}],"replies":[{"embeddable":true,"href":"http:\/\/lp2m-on.com.br\/en\/wp-json\/wp\/v2\/comments?post=24788"}],"version-history":[{"count":12,"href":"http:\/\/lp2m-on.com.br\/en\/wp-json\/wp\/v2\/pages\/24788\/revisions"}],"predecessor-version":[{"id":25808,"href":"http:\/\/lp2m-on.com.br\/en\/wp-json\/wp\/v2\/pages\/24788\/revisions\/25808"}],"wp:attachment":[{"href":"http:\/\/lp2m-on.com.br\/en\/wp-json\/wp\/v2\/media?parent=24788"}],"curies":[{"name":"wp","href":"https:\/\/api.w.org\/{rel}","templated":true}]}}