{"id":24581,"date":"2022-03-23T16:20:05","date_gmt":"2022-03-23T19:20:05","guid":{"rendered":"http:\/\/lp2m-on.com.br\/?page_id=24581"},"modified":"2023-07-03T14:17:06","modified_gmt":"2023-07-03T17:17:06","slug":"nossos-objetivos","status":"publish","type":"page","link":"http:\/\/lp2m-on.com.br\/en\/nossos-objetivos\/","title":{"rendered":"Nossos objetivos"},"content":{"rendered":"\n<p>Os objetivos do LPC2M-ON s\u00e3o realizar estudos e fomentar as seguintes \u00e1reas:  <\/p>\n\n\n\n<p><strong>Acad\u00eamica<\/strong>&nbsp;\u2013 atrav\u00e9s da aquisi\u00e7\u00e3o de dados de magnetismo em geomateriais em associa\u00e7\u00e3o com pesquisadores de diferentes institui\u00e7\u00f5es nacionais e internacionais, configurando uma infraestrutura experimental de car\u00e1ter multiusu\u00e1rio. Tais dados permitir\u00e3o a realiza\u00e7\u00e3o de estudos magnetoestratigr\u00e1ficos (relacionados a processos paleoceanogr\u00e1ficos e paleoclim\u00e1ticos), estudos de magnetismo ambiental (de grande interesse atual e uma das grandes demandas da \u00e1rea) e investiga\u00e7\u00f5es acerca do campo geomagn\u00e9tico (tradicional linha de pesquisa do Observat\u00f3rio Nacional);<\/p>\n\n\n\n<p><strong>Econ\u00f4mica<\/strong>&nbsp;\u2013 por meio da realiza\u00e7\u00e3o de estudos de cronoestratigrafia e magnetoestratigrafia a serem aplicados em atividades da ind\u00fastria de petr\u00f3leo e g\u00e1s e de minera\u00e7\u00e3o em bacias explorat\u00f3rias e jazidas minerais. Este tipo de estudo vem sendo muito utilizado no exterior para otimiza\u00e7\u00e3o da produ\u00e7\u00e3o, especialmente devido \u00e0 \u00f3tima rela\u00e7\u00e3o custo-benef\u00edcio, e ainda n\u00e3o \u00e9 realizada de maneira sistem\u00e1tica no Brasil;<\/p>\n\n\n\n<p><strong>Socioambiental<\/strong>&nbsp;\u2013 por meio da realiza\u00e7\u00e3o de estudos de monitoramento ambiental, atrav\u00e9s da avalia\u00e7\u00e3o de polui\u00e7\u00e3o atmosf\u00e9rica por presen\u00e7a de \u00f3xidos de Fe derivados da queima de combust\u00edveis f\u00f3sseis, e an\u00e1lises de altera\u00e7\u00f5es f\u00edsico-qu\u00edmicas em solos, rios e lagos pela identifica\u00e7\u00e3o de materiais ferromagn\u00e9ticos cuja g\u00eanese seja subproduto destes processos. Al\u00e9m disso, ser\u00e3o realizados trabalhos em dep\u00f3sitos sedimentares em que determinadas fases de Fe sejam indicadores de variabilidade clim\u00e1tica. Isto permitir\u00e1 a obten\u00e7\u00e3o de informa\u00e7\u00f5es sobre processos moduladores de mudan\u00e7as clim\u00e1ticas de longo per\u00edodo &#8211; com potencial impacto para avalia\u00e7\u00e3o da a\u00e7\u00e3o antr\u00f3pica sobre os mecanismos clim\u00e1ticos naturais, frente ao aquecimento global, e auxiliando assim na delimita\u00e7\u00e3o de pol\u00edticas mitigadoras.<\/p>\n","protected":false},"excerpt":{"rendered":"<p>Os objetivos do LPC2M-ON s\u00e3o realizar estudos e fomentar as seguintes \u00e1reas: Acad\u00eamica&nbsp;\u2013 atrav\u00e9s da aquisi\u00e7\u00e3o de dados de magnetismo em geomateriais em associa\u00e7\u00e3o com pesquisadores de diferentes institui\u00e7\u00f5es nacionais e internacionais, configurando uma infraestrutura experimental de car\u00e1ter multiusu\u00e1rio. Tais dados permitir\u00e3o a realiza\u00e7\u00e3o de estudos magnetoestratigr\u00e1ficos (relacionados a processos paleoceanogr\u00e1ficos e paleoclim\u00e1ticos), estudos de &hellip;<\/p>\n<p class=\"read-more\"> <a class=\"\" href=\"http:\/\/lp2m-on.com.br\/en\/nossos-objetivos\/\"> <span class=\"screen-reader-text\">Nossos objetivos<\/span> Read More &raquo;<\/a><\/p>\n","protected":false},"author":2,"featured_media":0,"parent":0,"menu_order":0,"comment_status":"closed","ping_status":"closed","template":"","meta":[],"translation":{"provider":"WPGlobus","version":"2.7.3","language":"en","enabled_languages":["br","en","es"],"languages":{"br":{"title":true,"content":true,"excerpt":false},"en":{"title":false,"content":false,"excerpt":false},"es":{"title":false,"content":false,"excerpt":false}}},"_links":{"self":[{"href":"http:\/\/lp2m-on.com.br\/en\/wp-json\/wp\/v2\/pages\/24581"}],"collection":[{"href":"http:\/\/lp2m-on.com.br\/en\/wp-json\/wp\/v2\/pages"}],"about":[{"href":"http:\/\/lp2m-on.com.br\/en\/wp-json\/wp\/v2\/types\/page"}],"author":[{"embeddable":true,"href":"http:\/\/lp2m-on.com.br\/en\/wp-json\/wp\/v2\/users\/2"}],"replies":[{"embeddable":true,"href":"http:\/\/lp2m-on.com.br\/en\/wp-json\/wp\/v2\/comments?post=24581"}],"version-history":[{"count":4,"href":"http:\/\/lp2m-on.com.br\/en\/wp-json\/wp\/v2\/pages\/24581\/revisions"}],"predecessor-version":[{"id":25829,"href":"http:\/\/lp2m-on.com.br\/en\/wp-json\/wp\/v2\/pages\/24581\/revisions\/25829"}],"wp:attachment":[{"href":"http:\/\/lp2m-on.com.br\/en\/wp-json\/wp\/v2\/media?parent=24581"}],"curies":[{"name":"wp","href":"https:\/\/api.w.org\/{rel}","templated":true}]}}